{"id":1045,"date":"2026-04-18T09:59:45","date_gmt":"2026-04-18T09:59:45","guid":{"rendered":"https:\/\/nova.eoliskite.com\/spot\/"},"modified":"2026-05-06T12:45:20","modified_gmt":"2026-05-06T12:45:20","slug":"spot","status":"publish","type":"page","link":"https:\/\/eoliskite.com\/es\/spot\/","title":{"rendered":"Spot"},"content":{"rendered":"\t\t<div data-elementor-type=\"wp-page\" data-elementor-id=\"1045\" class=\"elementor elementor-1045 elementor-105\" data-elementor-settings=\"{&quot;ha_cmc_init_switcher&quot;:&quot;no&quot;}\">\n\t\t\t\t<div class=\"elementor-element elementor-element-4e796b25 e-flex e-con-boxed wpr-particle-no wpr-jarallax-no wpr-parallax-no wpr-sticky-section-no wpr-equal-height-no e-con e-parent\" data-id=\"4e796b25\" data-element_type=\"container\" data-e-type=\"container\" data-settings=\"{&quot;background_background&quot;:&quot;classic&quot;,&quot;_ha_eqh_enable&quot;:false}\">\n\t\t\t\t\t<div class=\"e-con-inner\">\n\t\t<div class=\"elementor-element elementor-element-55f1ef9e e-con-full e-flex wpr-particle-no wpr-jarallax-no wpr-parallax-no wpr-sticky-section-no wpr-equal-height-no e-con e-child\" data-id=\"55f1ef9e\" data-element_type=\"container\" data-e-type=\"container\" data-settings=\"{&quot;background_background&quot;:&quot;classic&quot;,&quot;_ha_eqh_enable&quot;:false}\">\n\t\t\t\t\t\t\t<h2 \n\t\tdata-interaction-id=\"719280ef\" \n\t\tclass=\"e-719280ef-00779fc e-heading-base\" \n\t\t \n\t\t\n\t>\n\t\n\t\t\tNuestro spot en l\u2019Estartit\n\t\t<\/h2>\n\t\t\t\t\t\t\t\t<p class=\"e-793ead2f-9b46108 e-paragraph-base\" data-interaction-id=\"793ead2f\"  >\n\t\t\t\t\t\t\t\tUn spot \u00fanico en la Costa Brava, frente a las Islas Medes y en una ubicaci\u00f3n privilegiada del Baix Empord\u00e0.\n\t\t\t\t\t<\/p>\n\t\t\t\t\t    \t            <a href=\"https:\/\/wa.me\/34663884868\" target=\"_blank\" class=\"e-5df902d4-72d0de6 e-button-base\" data-interaction-id=\"5df902d4\" rel=\"noopener\">\n            ESCR\u00cdBENOS POR WHATSAPP\n        <\/a>\n    \t\t\t\t\t\t\t\t<p class=\"e-3de70b82-98558f7 e-paragraph-base\" data-interaction-id=\"3de70b82\"  >\n\t\t\t\t\t\t\t\tRespuesta en menos de 24 h\n\t\t\t\t\t<\/p>\n\t\t\t\t<\/div>\n\t\t\t\t\t<\/div>\n\t\t\t\t<\/div>\n\t\t<div class=\"elementor-element elementor-element-380e4a74 e-flex e-con-boxed wpr-particle-no wpr-jarallax-no wpr-parallax-no wpr-sticky-section-no wpr-equal-height-no e-con e-parent\" data-id=\"380e4a74\" data-element_type=\"container\" data-e-type=\"container\" data-settings=\"{&quot;_ha_eqh_enable&quot;:false}\">\n\t\t\t\t\t<div class=\"e-con-inner\">\n\t\t\t\t\t\t\t<h2 \n\t\tdata-interaction-id=\"2ae9775b\" \n\t\tclass=\"e-2ae9775b-61a45ba e-heading-base\" \n\t\t \n\t\t\n\t>\n\t\n\t\t\t<strong>Un spot \u00fanico en la Costa Brava<\/strong>\n\t\t<\/h2>\n\t\t\t\t\t\t\t\t<p class=\"e-269b0dd-0cf69fa e-paragraph-base\" data-interaction-id=\"269b0dd\"  >\n\t\t\t\t\t\t\t\tEolis Kite est\u00e1 situado en l\u2019Estartit, en una de las zonas m\u00e1s especiales de la Costa Brava. Frente a las Islas Medes y en el coraz\u00f3n del Baix Empord\u00e0, trabajamos en un entorno privilegiado para practicar kitesurf, wingfoil, windsurf y paddle surf. \n\t\t\t\t\t<\/p>\n\t\t\t\t\t<\/div>\n\t\t\t\t<\/div>\n\t\t<div class=\"elementor-element elementor-element-3f20f985 e-flex e-con-boxed wpr-particle-no wpr-jarallax-no wpr-parallax-no wpr-sticky-section-no wpr-equal-height-no e-con e-parent\" data-id=\"3f20f985\" data-element_type=\"container\" data-e-type=\"container\" data-settings=\"{&quot;background_background&quot;:&quot;classic&quot;,&quot;_ha_eqh_enable&quot;:false}\">\n\t\t\t\t\t<div class=\"e-con-inner\">\n\t\t\t\t\t\t\t<h2 \n\t\tdata-interaction-id=\"43464059\" \n\t\tclass=\"e-43464059-a317598 e-heading-base\" \n\t\t \n\t\t\n\t>\n\t\n\t\t\t<strong>Un lugar ideal para aprender y navegar<\/strong>\n\t\t<\/h2>\n\t\t\t\t\t\t\t\t<p class=\"e-22ea6dd9-40f4fee e-paragraph-base\" data-interaction-id=\"22ea6dd9\"  >\n\t\t\t\t\t\t\t\tA diferencia de otras zonas de la Costa Brava m\u00e1s masificadas, en l\u2019Estartit trabajamos en un entorno m\u00e1s tranquilo, m\u00e1s familiar y con un \u00e1rea exclusiva para la escuela. Esto hace que sea un spot muy valorado para aprender, progresar y navegar con comodidad. \n\t\t\t\t\t<\/p>\n\t\t\t\t\t<\/div>\n\t\t\t\t<\/div>\n\t\t<div class=\"elementor-element elementor-element-6576b6df e-flex e-con-boxed wpr-particle-no wpr-jarallax-no wpr-parallax-no wpr-sticky-section-no wpr-equal-height-no e-con e-parent\" data-id=\"6576b6df\" data-element_type=\"container\" data-e-type=\"container\" data-settings=\"{&quot;background_background&quot;:&quot;classic&quot;,&quot;_ha_eqh_enable&quot;:false}\">\n\t\t\t\t\t<div class=\"e-con-inner\">\n\t\t<div class=\"elementor-element elementor-element-5dac0102 e-grid e-con-boxed wpr-particle-no wpr-jarallax-no wpr-parallax-no wpr-sticky-section-no wpr-equal-height-no e-con e-child\" data-id=\"5dac0102\" data-element_type=\"container\" data-e-type=\"container\" data-settings=\"{&quot;_ha_eqh_enable&quot;:false}\">\n\t\t\t\t\t<div class=\"e-con-inner\">\n\t\t\t\t\t\t\t\n\t\t<img class=\"e-image-base e-3ff381d7-19c98e0\" \n\t\t\t\t\tdata-interaction-id=\"3ff381d7\" \n\t\t \n\t\t \n\t\t\t\t\t\t\t\t\tid=\"848\"\n\t\t\t\t\t\t\t\t\t\t\t\tsrc=\"https:\/\/eoliskite.com\/wp-content\/uploads\/2026\/04\/Facebook-FinnSpencer_SkybridSLS26_UnitSLS26_Maui_Duotone_by-TobyBromwich-8577.jpg\"\n\t\t\t\t\t\t\t\t\t\t\t\twidth=\"1200\"\n\t\t\t\t\t\t\t\t\t\t\t\theight=\"628\"\n\t\t\t\t\t\t\t\t\t\t\t\tsrcset=\"https:\/\/eoliskite.com\/wp-content\/uploads\/2026\/04\/Facebook-FinnSpencer_SkybridSLS26_UnitSLS26_Maui_Duotone_by-TobyBromwich-8577.jpg 1200w, https:\/\/eoliskite.com\/wp-content\/uploads\/2026\/04\/Facebook-FinnSpencer_SkybridSLS26_UnitSLS26_Maui_Duotone_by-TobyBromwich-8577-300x157.jpg 300w, https:\/\/eoliskite.com\/wp-content\/uploads\/2026\/04\/Facebook-FinnSpencer_SkybridSLS26_UnitSLS26_Maui_Duotone_by-TobyBromwich-8577-1024x536.jpg 1024w, https:\/\/eoliskite.com\/wp-content\/uploads\/2026\/04\/Facebook-FinnSpencer_SkybridSLS26_UnitSLS26_Maui_Duotone_by-TobyBromwich-8577-768x402.jpg 768w\"\n\t\t\t\t\t\t\t\t\t\t\t\talt=\"\"\n\t\t\t\t\t\t\/>\n\t\t\t\t\t\t\t\t\n\t\t<img class=\"e-image-base e-4766a599-0d74447\" \n\t\t\t\t\tdata-interaction-id=\"4766a599\" \n\t\t \n\t\t \n\t\t\t\t\t\t\t\t\tid=\"843\"\n\t\t\t\t\t\t\t\t\t\t\t\tsrc=\"https:\/\/eoliskite.com\/wp-content\/uploads\/2026\/04\/Website-DTK-Duotone-Jaime-ClickBar-NoeFont-2026-Egypt-TobyBromwich-6521.jpg\"\n\t\t\t\t\t\t\t\t\t\t\t\twidth=\"1970\"\n\t\t\t\t\t\t\t\t\t\t\t\theight=\"1242\"\n\t\t\t\t\t\t\t\t\t\t\t\tsrcset=\"https:\/\/eoliskite.com\/wp-content\/uploads\/2026\/04\/Website-DTK-Duotone-Jaime-ClickBar-NoeFont-2026-Egypt-TobyBromwich-6521.jpg 1970w, https:\/\/eoliskite.com\/wp-content\/uploads\/2026\/04\/Website-DTK-Duotone-Jaime-ClickBar-NoeFont-2026-Egypt-TobyBromwich-6521-300x189.jpg 300w, https:\/\/eoliskite.com\/wp-content\/uploads\/2026\/04\/Website-DTK-Duotone-Jaime-ClickBar-NoeFont-2026-Egypt-TobyBromwich-6521-1024x646.jpg 1024w, https:\/\/eoliskite.com\/wp-content\/uploads\/2026\/04\/Website-DTK-Duotone-Jaime-ClickBar-NoeFont-2026-Egypt-TobyBromwich-6521-768x484.jpg 768w, https:\/\/eoliskite.com\/wp-content\/uploads\/2026\/04\/Website-DTK-Duotone-Jaime-ClickBar-NoeFont-2026-Egypt-TobyBromwich-6521-1536x968.jpg 1536w\"\n\t\t\t\t\t\t\t\t\t\t\t\talt=\"\"\n\t\t\t\t\t\t\/>\n\t\t\t\t\t\t\t\t\n\t\t<img class=\"e-image-base e-2ab7d269-f38174d\" \n\t\t\t\t\tdata-interaction-id=\"2ab7d269\" \n\t\t \n\t\t \n\t\t\t\t\t\t\t\t\tid=\"1041\"\n\t\t\t\t\t\t\t\t\t\t\t\tsrc=\"https:\/\/eoliskite.com\/wp-content\/uploads\/2026\/04\/windsuper.jpg\"\n\t\t\t\t\t\t\t\t\t\t\t\twidth=\"864\"\n\t\t\t\t\t\t\t\t\t\t\t\theight=\"576\"\n\t\t\t\t\t\t\t\t\t\t\t\tsrcset=\"https:\/\/eoliskite.com\/wp-content\/uploads\/2026\/04\/windsuper.jpg 864w, https:\/\/eoliskite.com\/wp-content\/uploads\/2026\/04\/windsuper-300x200.jpg 300w, https:\/\/eoliskite.com\/wp-content\/uploads\/2026\/04\/windsuper-768x512.jpg 768w\"\n\t\t\t\t\t\t\t\t\t\t\t\talt=\"\"\n\t\t\t\t\t\t\/>\n\t\t\t\t\t\t<\/div>\n\t\t\t\t<\/div>\n\t\t\t\t\t<\/div>\n\t\t\t\t<\/div>\n\t\t<div class=\"elementor-element elementor-element-51b20ad5 e-flex e-con-boxed wpr-particle-no wpr-jarallax-no wpr-parallax-no wpr-sticky-section-no wpr-equal-height-no e-con e-parent\" data-id=\"51b20ad5\" data-element_type=\"container\" data-e-type=\"container\" data-settings=\"{&quot;_ha_eqh_enable&quot;:false}\">\n\t\t\t\t\t<div class=\"e-con-inner\">\n\t\t\t\t\t\t\t<h2 \n\t\tdata-interaction-id=\"7c3959cf\" \n\t\tclass=\"e-7c3959cf-b85ef2c e-heading-base\" \n\t\t \n\t\t\n\t>\n\t\n\t\t\tVientos, olas y temperatura del agua\n\t\t<\/h2>\n\t\t\t\t\t\t\t\t<p class=\"e-56be1ec0-5009add e-paragraph-base\" data-interaction-id=\"56be1ec0\"  >\n\t\t\t\t\t\t\t\tL\u2019Estartit es un spot muy completo, con vientos navegables muy variados, buenas condiciones seg\u00fan la hora del d\u00eda y una temporada muy interesante para diferentes niveles y disciplinas. Aqu\u00ed tienes una referencia orientativa de las condiciones habituales del spot. \n\t\t\t\t\t<\/p>\n\t\t\t\t\t\t\t<h3 \n\t\tdata-interaction-id=\"ae5d911\" \n\t\tclass=\"e-ae5d911-2b842c2 e-heading-base\" \n\t\t \n\t\t\n\t>\n\t\n\t\t\tCondiciones generales del spot\n\t\t<\/h3>\n\t\t\t\t\t\t\t\t<p class=\"e-16caf71-dd1a9be e-paragraph-base\" data-interaction-id=\"16caf71\"  >\n\t\t\t\t\t\t\t\tA primera hora de la ma\u00f1ana, el mar suele estar muy bien para paddle surf y para salir a descubrir la costa del Montgr\u00ed y calas como la Pedrosa o la Ferriola. A media ma\u00f1ana, cuando empieza a subir un poco el viento, a menudo hay muy buenas condiciones para el windsurf. A partir del mediod\u00eda, cuando el viento gana intensidad, suele ser la hora buena para el kitesurf y el wingfoil. Es un spot que, seg\u00fan el d\u00eda, ofrece condiciones diferentes y muy aprovechables para varios deportes y niveles.   \n\t\t\t\t\t<\/p>\n\t\t\t\t\t\t\t<h3 \n\t\tdata-interaction-id=\"7790228\" \n\t\tclass=\"e-7790228-ce30130 e-heading-base\" \n\t\t \n\t\t\n\t>\n\t\n\t\t\tVientos habituales del spot\n\t\t<\/h3>\n\t\t\t\t\t\t\t\t<p class=\"e-c3a9e8c-a3276bd e-paragraph-base\" data-interaction-id=\"c3a9e8c\"  >\n\t\t\t\t\t\t\t\tEn primavera y verano, uno de los vientos m\u00e1s frecuentes es la marinada, de direcci\u00f3n sudeste. Es un viento t\u00e9rmico de derechas, side on, muy constante e ideal para el aprendizaje del kitesurf, del windsurf y del wingfoil. <br><br>Tambi\u00e9n en estas fechas es bastante habitual el garb\u00ed, de direcci\u00f3n sur-suroeste. Es un viento side off, que normalmente entra con m\u00e1s fuerza que el t\u00e9rmico y tambi\u00e9n m\u00e1s racheado. <br><br>No podemos olvidarnos del gregal, de direcci\u00f3n nordeste. Es un viento de izquierdas, side on, y una de las direcciones m\u00e1s valoradas del spot. L\u2019Estartit es una de las mejores zonas de la Costa Brava para navegar con gregal, y es un viento que da mucha calidad a este spot.  <br><br>La tramuntana, de direcci\u00f3n norte-noroeste, es un viento side off. En verano suele ser menos frecuente, pero en oto\u00f1o a menudo es una de las mejores \u00e9pocas para disfrutarla. <br><br>De abril a agosto, es habitual tener entre un 70% y un 90% de d\u00edas navegables con viento F3 o superior.\n\t\t\t\t\t<\/p>\n\t\t\t\t\t\t\t<h3 \n\t\tdata-interaction-id=\"0e28b05\" \n\t\tclass=\"e-0e28b05-5b08d39 e-heading-base\" \n\t\t \n\t\t\n\t>\n\t\n\t\t\tOlas y nivel del spot\n\t\t<\/h3>\n\t\t\t\t\t\t\t\t<p class=\"e-8a35f02-f8dcec0 e-paragraph-base\" data-interaction-id=\"8a35f02\"  >\n\t\t\t\t\t\t\t\tCon vientos del norte, a menudo se forman buenas olas para los amantes del surf kite, del wingfoil con olas y del surf foil. La playa de l\u2019Estartit est\u00e1 considerada uno de los mejores spots de olas de Catalu\u00f1a. Tambi\u00e9n es un spot muy completo para diferentes niveles y estilos de navegaci\u00f3n.  <br><br>Es una zona especialmente interesante para principiantes, intermedios, freeride, foil y para d\u00edas de olas cuando entran las condiciones adecuadas.\n\t\t\t\t\t<\/p>\n\t\t\t\t\t\t\t<h3 \n\t\tdata-interaction-id=\"dcf7a9c\" \n\t\tclass=\"e-dcf7a9c-bc97d18 e-heading-base\" \n\t\t \n\t\t\n\t>\n\t\n\t\t\tTemperatura del agua\n\t\t<\/h3>\n\t\t\t\t\t\t\t\t<p class=\"e-5d8551f-6619c5d e-paragraph-base\" data-interaction-id=\"5d8551f\"  >\n\t\t\t\t\t\t\t\tLa temperatura del agua cambia seg\u00fan la temporada, y vale la pena venir bien equipado. Para los meses de invierno, recomendamos neopreno de 5 mm. Durante mayo y octubre, un 4 mm. Y en julio, agosto y septiembre, shorty o, en los d\u00edas m\u00e1s c\u00e1lidos, una lycra.  \n\t\t\t\t\t<\/p>\n\t\t\t\t\t<\/div>\n\t\t\t\t<\/div>\n\t\t<div class=\"elementor-element elementor-element-54332eb e-flex e-con-boxed wpr-particle-no wpr-jarallax-no wpr-parallax-no wpr-sticky-section-no wpr-equal-height-no e-con e-parent\" data-id=\"54332eb\" data-element_type=\"container\" data-e-type=\"container\" data-settings=\"{&quot;background_background&quot;:&quot;classic&quot;,&quot;_ha_eqh_enable&quot;:false}\">\n\t\t\t\t\t<div class=\"e-con-inner\">\n\t\t<div class=\"elementor-element elementor-element-1d9b453 e-grid e-con-boxed wpr-particle-no wpr-jarallax-no wpr-parallax-no wpr-sticky-section-no wpr-equal-height-no e-con e-child\" data-id=\"1d9b453\" data-element_type=\"container\" data-e-type=\"container\" data-settings=\"{&quot;background_background&quot;:&quot;classic&quot;,&quot;_ha_eqh_enable&quot;:false}\">\n\t\t\t\t\t<div class=\"e-con-inner\">\n\t\t\t\t\t\t\t\n\t\t<img class=\"e-image-base \" \n\t\t\t\t\tdata-interaction-id=\"222408c\" \n\t\t \n\t\t \n\t\t\t\t\t\t\t\t\tid=\"1042\"\n\t\t\t\t\t\t\t\t\t\t\t\tsrc=\"https:\/\/eoliskite.com\/wp-content\/uploads\/2026\/04\/temperaturaaigua.gif\"\n\t\t\t\t\t\t\t\t\t\t\t\twidth=\"812\"\n\t\t\t\t\t\t\t\t\t\t\t\theight=\"553\"\n\t\t\t\t\t\t\t\t\t\t\t\tsrcset=\"\"\n\t\t\t\t\t\t\t\t\t\t\t\talt=\"\"\n\t\t\t\t\t\t\/>\n\t\t\t\t\t\t\t\t\n\t\t<img class=\"e-image-base \" \n\t\t\t\t\tdata-interaction-id=\"f86e29e\" \n\t\t \n\t\t \n\t\t\t\t\t\t\t\t\tid=\"1043\"\n\t\t\t\t\t\t\t\t\t\t\t\tsrc=\"https:\/\/eoliskite.com\/wp-content\/uploads\/2026\/04\/Captura-de-pantalla-2026-04-23-a-las-10.41.39.png\"\n\t\t\t\t\t\t\t\t\t\t\t\twidth=\"950\"\n\t\t\t\t\t\t\t\t\t\t\t\theight=\"646\"\n\t\t\t\t\t\t\t\t\t\t\t\tsrcset=\"https:\/\/eoliskite.com\/wp-content\/uploads\/2026\/04\/Captura-de-pantalla-2026-04-23-a-las-10.41.39.png 950w, https:\/\/eoliskite.com\/wp-content\/uploads\/2026\/04\/Captura-de-pantalla-2026-04-23-a-las-10.41.39-300x204.png 300w, https:\/\/eoliskite.com\/wp-content\/uploads\/2026\/04\/Captura-de-pantalla-2026-04-23-a-las-10.41.39-768x522.png 768w\"\n\t\t\t\t\t\t\t\t\t\t\t\talt=\"\"\n\t\t\t\t\t\t\/>\n\t\t\t\t\t\t<\/div>\n\t\t\t\t<\/div>\n\t\t\t\t\t<\/div>\n\t\t\t\t<\/div>\n\t\t<div class=\"elementor-element elementor-element-8543694 e-con-full e-flex wpr-particle-no wpr-jarallax-no wpr-parallax-no wpr-sticky-section-no wpr-equal-height-no e-con e-parent\" data-id=\"8543694\" data-element_type=\"container\" data-e-type=\"container\" data-settings=\"{&quot;_ha_eqh_enable&quot;:false}\">\n\t\t\t\t\t\t\t\n\t\t<img class=\"e-image-base \" \n\t\t\t\t\tdata-interaction-id=\"919b0f6\" \n\t\t \n\t\t \n\t\t\t\t\t\t\t\t\tid=\"871\"\n\t\t\t\t\t\t\t\t\t\t\t\tsrc=\"https:\/\/eoliskite.com\/wp-content\/uploads\/2026\/04\/IV-RegataWingfoilEstartit_Web-266.jpg\"\n\t\t\t\t\t\t\t\t\t\t\t\twidth=\"2500\"\n\t\t\t\t\t\t\t\t\t\t\t\theight=\"1667\"\n\t\t\t\t\t\t\t\t\t\t\t\tsrcset=\"https:\/\/eoliskite.com\/wp-content\/uploads\/2026\/04\/IV-RegataWingfoilEstartit_Web-266.jpg 2500w, https:\/\/eoliskite.com\/wp-content\/uploads\/2026\/04\/IV-RegataWingfoilEstartit_Web-266-300x200.jpg 300w, https:\/\/eoliskite.com\/wp-content\/uploads\/2026\/04\/IV-RegataWingfoilEstartit_Web-266-1024x683.jpg 1024w, https:\/\/eoliskite.com\/wp-content\/uploads\/2026\/04\/IV-RegataWingfoilEstartit_Web-266-768x512.jpg 768w, https:\/\/eoliskite.com\/wp-content\/uploads\/2026\/04\/IV-RegataWingfoilEstartit_Web-266-1536x1024.jpg 1536w, https:\/\/eoliskite.com\/wp-content\/uploads\/2026\/04\/IV-RegataWingfoilEstartit_Web-266-2048x1366.jpg 2048w\"\n\t\t\t\t\t\t\t\t\t\t\t\talt=\"\"\n\t\t\t\t\t\t\/>\n\t\t\t\t\t<\/div>\n\t\t<div class=\"elementor-element elementor-element-09ec834 e-flex e-con-boxed wpr-particle-no wpr-jarallax-no wpr-parallax-no wpr-sticky-section-no wpr-equal-height-no e-con e-parent\" data-id=\"09ec834\" data-element_type=\"container\" data-e-type=\"container\" data-settings=\"{&quot;background_background&quot;:&quot;classic&quot;,&quot;_ha_eqh_enable&quot;:false}\">\n\t\t\t\t\t<div class=\"e-con-inner\">\n\t\t\t\t\t\t\t<h2 \n\t\tdata-interaction-id=\"945ac5a\" \n\t\tclass=\"e-945ac5a-8fd75ae e-heading-base\" \n\t\t \n\t\t\n\t>\n\t\n\t\t\t\u00bfQuieres venir a navegar a l\u2019Estartit?\n\t\t<\/h2>\n\t\t\t\t\t\t\t\t<p class=\"e-f9f53cd-d49df07 e-paragraph-base\" data-interaction-id=\"f9f53cd\"  >\n\t\t\t\t\t\t\t\tEscr\u00edbenos por WhatsApp y te ayudaremos a encontrar el mejor momento para venir seg\u00fan el viento, las condiciones del d\u00eda y tu nivel.<br><br><br><strong id=\"e-mokahafx-8g97l46\">Tambi\u00e9n puedes ver nuestros cursos:<\/strong><br><br><a target=\"_self\" href=\"https:\/\/eoliskite.com\/es\/kitesurf\/\" id=\"e-mokahafx-2r7xx6w\"><strong id=\"e-mokahafx-b6cv13w\"><u id=\"e-mokahafx-e9xp02x\">Cursos de Kitesurf<\/u><\/strong><\/a><br><u id=\"e-mokahafx-x26vnvs\"><br><\/u><a target=\"_self\" href=\"https:\/\/eoliskite.com\/es\/wingfoil\/\" id=\"e-mokahafx-url3831\"><strong id=\"e-mokahafx-mit3bfo\"><u id=\"e-mokahafx-7bzh500\">Cursos de Wingfoil<\/u><\/strong><\/a>\n\t\t\t\t\t<\/p>\n\t\t\t\t\t<\/div>\n\t\t\t\t<\/div>\n\t\t<div class=\"elementor-element elementor-element-8aad3c3 e-flex e-con-boxed wpr-particle-no wpr-jarallax-no wpr-parallax-no wpr-sticky-section-no wpr-equal-height-no e-con e-parent\" data-id=\"8aad3c3\" data-element_type=\"container\" data-e-type=\"container\" data-settings=\"{&quot;_ha_eqh_enable&quot;:false}\">\n\t\t\t\t\t<div class=\"e-con-inner\">\n\t\t\t\t\t    \t            <a href=\"https:\/\/wa.me\/34663884868\" target=\"_blank\" class=\"e-3699ba2-15fa0b1 e-button-base\" data-interaction-id=\"3699ba2\" rel=\"noopener\">\n            ESCR\u00cdBENOS POR WHATSAPP\n        <\/a>\n    \t\t\t\t\t<\/div>\n\t\t\t\t<\/div>\n\t\t\t\t<\/div>\n\t\t","protected":false},"excerpt":{"rendered":"<p>Nuestro spot en l\u2019Estartit Un spot \u00fanico en la Costa Brava, frente a las Islas Medes y en una ubicaci\u00f3n privilegiada del Baix Empord\u00e0. ESCR\u00cdBENOS POR WHATSAPP Respuesta en menos de 24 h Un spot \u00fanico en la Costa Brava Eolis Kite est\u00e1 situado en l\u2019Estartit, en una de las zonas m\u00e1s especiales de la Costa Brava. Frente a las Islas Medes y en el coraz\u00f3n del Baix Empord\u00e0, trabajamos en un entorno privilegiado para practicar kitesurf, wingfoil, windsurf y paddle surf. Un lugar ideal para aprender y navegar A diferencia de otras zonas de la Costa Brava m\u00e1s masificadas, en l\u2019Estartit trabajamos en un entorno m\u00e1s tranquilo, m\u00e1s familiar y con un \u00e1rea exclusiva para la escuela. Esto hace que sea un spot muy valorado para aprender, progresar y navegar con comodidad. Vientos, olas y temperatura del agua L\u2019Estartit es un spot muy completo, con vientos navegables muy variados, buenas condiciones seg\u00fan la hora del d\u00eda y una temporada muy interesante para diferentes niveles y disciplinas. Aqu\u00ed tienes una referencia orientativa de las condiciones habituales del spot. Condiciones generales del spot A primera hora de la ma\u00f1ana, el mar suele estar muy bien para paddle surf y para salir a descubrir la costa del Montgr\u00ed y calas como la Pedrosa o la Ferriola. A media ma\u00f1ana, cuando empieza a subir un poco el viento, a menudo hay muy buenas condiciones para el windsurf. A partir del mediod\u00eda, cuando el viento gana intensidad, suele ser la hora buena para el kitesurf y el wingfoil. Es un spot que, seg\u00fan el d\u00eda, ofrece condiciones diferentes y muy aprovechables para varios deportes y niveles. Vientos habituales del spot En primavera y verano, uno de los vientos m\u00e1s frecuentes es la marinada, de direcci\u00f3n sudeste. Es un viento t\u00e9rmico de derechas, side on, muy constante e ideal para el aprendizaje del kitesurf, del windsurf y del wingfoil. Tambi\u00e9n en estas fechas es bastante habitual el garb\u00ed, de direcci\u00f3n sur-suroeste. Es un viento side off, que normalmente entra con m\u00e1s fuerza que el t\u00e9rmico y tambi\u00e9n m\u00e1s racheado. No podemos olvidarnos del gregal, de direcci\u00f3n nordeste. Es un viento de izquierdas, side on, y una de las direcciones m\u00e1s valoradas del spot. L\u2019Estartit es una de las mejores zonas de la Costa Brava para navegar con gregal, y es un viento que da mucha calidad a este spot. La tramuntana, de direcci\u00f3n norte-noroeste, es un viento side off. En verano suele ser menos frecuente, pero en oto\u00f1o a menudo es una de las mejores \u00e9pocas para disfrutarla. De abril a agosto, es habitual tener entre un 70% y un 90% de d\u00edas navegables con viento F3 o superior. Olas y nivel del spot Con vientos del norte, a menudo se forman buenas olas para los amantes del surf kite, del wingfoil con olas y del surf foil. La playa de l\u2019Estartit est\u00e1 considerada uno de los mejores spots de olas de Catalu\u00f1a. Tambi\u00e9n es un spot muy completo para diferentes niveles y estilos de navegaci\u00f3n. Es una zona especialmente interesante para principiantes, intermedios, freeride, foil y para d\u00edas de olas cuando entran las condiciones adecuadas. Temperatura del agua La temperatura del agua cambia seg\u00fan la temporada, y vale la pena venir bien equipado. Para los meses de invierno, recomendamos neopreno de 5 mm. Durante mayo y octubre, un 4 mm. Y en julio, agosto y septiembre, shorty o, en los d\u00edas m\u00e1s c\u00e1lidos, una lycra. \u00bfQuieres venir a navegar a l\u2019Estartit? Escr\u00edbenos por WhatsApp y te ayudaremos a encontrar el mejor momento para venir seg\u00fan el viento, las condiciones del d\u00eda y tu nivel. Tambi\u00e9n puedes ver nuestros cursos: Cursos de KitesurfCursos de Wingfoil ESCR\u00cdBENOS POR WHATSAPP<\/p>\n","protected":false},"author":1,"featured_media":0,"parent":0,"menu_order":0,"comment_status":"closed","ping_status":"closed","template":"","meta":{"footnotes":""},"class_list":["post-1045","page","type-page","status-publish","hentry"],"_links":{"self":[{"href":"https:\/\/eoliskite.com\/es\/wp-json\/wp\/v2\/pages\/1045","targetHints":{"allow":["GET"]}}],"collection":[{"href":"https:\/\/eoliskite.com\/es\/wp-json\/wp\/v2\/pages"}],"about":[{"href":"https:\/\/eoliskite.com\/es\/wp-json\/wp\/v2\/types\/page"}],"author":[{"embeddable":true,"href":"https:\/\/eoliskite.com\/es\/wp-json\/wp\/v2\/users\/1"}],"replies":[{"embeddable":true,"href":"https:\/\/eoliskite.com\/es\/wp-json\/wp\/v2\/comments?post=1045"}],"version-history":[{"count":3,"href":"https:\/\/eoliskite.com\/es\/wp-json\/wp\/v2\/pages\/1045\/revisions"}],"predecessor-version":[{"id":1314,"href":"https:\/\/eoliskite.com\/es\/wp-json\/wp\/v2\/pages\/1045\/revisions\/1314"}],"wp:attachment":[{"href":"https:\/\/eoliskite.com\/es\/wp-json\/wp\/v2\/media?parent=1045"}],"curies":[{"name":"wp","href":"https:\/\/api.w.org\/{rel}","templated":true}]}}