{"id":874,"date":"2026-04-18T09:59:57","date_gmt":"2026-04-18T09:59:57","guid":{"rendered":"https:\/\/nova.eoliskite.com\/contacto\/"},"modified":"2026-05-11T09:14:22","modified_gmt":"2026-05-11T09:14:22","slug":"contacto","status":"publish","type":"page","link":"https:\/\/eoliskite.com\/es\/contacto\/","title":{"rendered":"Contacto"},"content":{"rendered":"\t\t<div data-elementor-type=\"wp-page\" data-elementor-id=\"874\" class=\"elementor elementor-874 elementor-107\" data-elementor-settings=\"{&quot;ha_cmc_init_switcher&quot;:&quot;no&quot;}\">\n\t\t\t\t<div class=\"elementor-element elementor-element-67a34ef7 e-flex e-con-boxed wpr-particle-no wpr-jarallax-no wpr-parallax-no wpr-sticky-section-no wpr-equal-height-no e-con e-parent\" data-id=\"67a34ef7\" data-element_type=\"container\" data-e-type=\"container\" data-settings=\"{&quot;background_background&quot;:&quot;classic&quot;,&quot;_ha_eqh_enable&quot;:false}\">\n\t\t\t\t\t<div class=\"e-con-inner\">\n\t\t<div class=\"elementor-element elementor-element-4a916182 e-con-full e-flex wpr-particle-no wpr-jarallax-no wpr-parallax-no wpr-sticky-section-no wpr-equal-height-no e-con e-child\" data-id=\"4a916182\" data-element_type=\"container\" data-e-type=\"container\" data-settings=\"{&quot;background_background&quot;:&quot;classic&quot;,&quot;_ha_eqh_enable&quot;:false}\">\n\t\t\t\t\t\t\t<h2 \n\t\tdata-interaction-id=\"1124256b\" \n\t\tclass=\"e-1124256b-d4c40b4 e-heading-base\" \n\t\t \n\t\t\n\t>\n\t\n\t\t\tContacta con Eolis Kite en l\u2019Estartit\n\t\t<\/h2>\n\t\t\t\t\t\t\t\t<p class=\"e-5b21b4b9-6635d98 e-paragraph-base\" data-interaction-id=\"5b21b4b9\"  >\n\t\t\t\t\t\t\t\tEscr\u00edbenos por WhatsApp y te ayudaremos a reservar clases de kitesurf, wingfoil, windsurf o paddle surf en l\u2019Estartit, seg\u00fan tu nivel, el viento y las condiciones del d\u00eda.\n\t\t\t\t\t<\/p>\n\t\t\t\t\t    \t            <a href=\"https:\/\/wa.me\/34663884868?text=Hola!%20M%E2%80%99agradaria%20rebre%20informaci%C3%B3%20sobre...\" target=\"_blank\" class=\"e-5bc35521-319a3d5 e-button-base\" data-interaction-id=\"5bc35521\" rel=\"noopener\">\n            ESCR\u00cdBENOS POR WHATSAPP\n        <\/a>\n    \t\t\t\t\t\t\t\t<p class=\"e-2f97dd01-2c160bc e-paragraph-base\" data-interaction-id=\"2f97dd01\"  >\n\t\t\t\t\t\t\t\tRespuesta en menos de 24 h\n\t\t\t\t\t<\/p>\n\t\t\t\t<\/div>\n\t\t\t\t\t<\/div>\n\t\t\t\t<\/div>\n\t\t<div class=\"elementor-element elementor-element-ddb6ecb e-flex e-con-boxed wpr-particle-no wpr-jarallax-no wpr-parallax-no wpr-sticky-section-no wpr-equal-height-no e-con e-parent\" data-id=\"ddb6ecb\" data-element_type=\"container\" data-e-type=\"container\" data-settings=\"{&quot;_ha_eqh_enable&quot;:false}\">\n\t\t\t\t\t<div class=\"e-con-inner\">\n\t\t\t\t\t\t\t<h2 \n\t\tdata-interaction-id=\"1e15873e\" \n\t\tclass=\"e-1e15873e-e549668 e-heading-base\" \n\t\t \n\t\t\n\t>\n\t\n\t\t\t<strong>Habla con nosotros<\/strong>\n\t\t<\/h2>\n\t\t\t\t\t\t\t\t<p class=\"e-4899b5bb-01fe08a e-paragraph-base\" data-interaction-id=\"4899b5bb\"  >\n\t\t\t\t\t\t\t\tSi quieres informaci\u00f3n sobre cursos y alquileres de kitesurf, wingfoil, windsurf y paddle surf en l\u2019Estartit, escr\u00edbenos y te responderemos lo antes posible. \n\t\t\t\t\t<\/p>\n\t\t\t\t\t<\/div>\n\t\t\t\t<\/div>\n\t\t<div class=\"elementor-element elementor-element-6aaee11b e-flex e-con-boxed wpr-particle-no wpr-jarallax-no wpr-parallax-no wpr-sticky-section-no wpr-equal-height-no e-con e-parent\" data-id=\"6aaee11b\" data-element_type=\"container\" data-e-type=\"container\" data-settings=\"{&quot;background_background&quot;:&quot;classic&quot;,&quot;_ha_eqh_enable&quot;:false}\">\n\t\t\t\t\t<div class=\"e-con-inner\">\n\t\t<div class=\"elementor-element elementor-element-65051d13 e-grid e-con-full wpr-particle-no wpr-jarallax-no wpr-parallax-no wpr-sticky-section-no wpr-equal-height-no e-con e-child\" data-id=\"65051d13\" data-element_type=\"container\" data-e-type=\"container\" data-settings=\"{&quot;_ha_eqh_enable&quot;:false}\">\n\t\t<div class=\"elementor-element elementor-element-31c6ca9d e-con-full e-flex wpr-particle-no wpr-jarallax-no wpr-parallax-no wpr-sticky-section-no wpr-equal-height-no e-con e-child\" data-id=\"31c6ca9d\" data-element_type=\"container\" data-e-type=\"container\" data-settings=\"{&quot;background_background&quot;:&quot;classic&quot;,&quot;_ha_eqh_enable&quot;:false}\">\n\t\t\t\t<div class=\"elementor-element elementor-element-9adc39b elementor-view-default elementor-widget elementor-widget-icon\" data-id=\"9adc39b\" data-element_type=\"widget\" data-e-type=\"widget\" data-widget_type=\"icon.default\">\n\t\t\t\t\t\t\t<div class=\"elementor-icon-wrapper\">\n\t\t\t<a class=\"elementor-icon\" href=\"tel:+34663884868\" target=\"_blank\">\n\t\t\t<svg aria-hidden=\"true\" class=\"e-font-icon-svg e-fas-phone-square-alt\" viewBox=\"0 0 448 512\" xmlns=\"http:\/\/www.w3.org\/2000\/svg\"><path d=\"M400 32H48A48 48 0 0 0 0 80v352a48 48 0 0 0 48 48h352a48 48 0 0 0 48-48V80a48 48 0 0 0-48-48zm-16.39 307.37l-15 65A15 15 0 0 1 354 416C194 416 64 286.29 64 126a15.7 15.7 0 0 1 11.63-14.61l65-15A18.23 18.23 0 0 1 144 96a16.27 16.27 0 0 1 13.79 9.09l30 70A17.9 17.9 0 0 1 189 181a17 17 0 0 1-5.5 11.61l-37.89 31a231.91 231.91 0 0 0 110.78 110.78l31-37.89A17 17 0 0 1 299 291a17.85 17.85 0 0 1 5.91 1.21l70 30A16.25 16.25 0 0 1 384 336a17.41 17.41 0 0 1-.39 3.37z\"><\/path><\/svg>\t\t\t<\/a>\n\t\t<\/div>\n\t\t\t\t\t\t<\/div>\n\t\t\t\t\t\t\t<h2 \n\t\tdata-interaction-id=\"e1c646c\" \n\t\tclass=\"e-e1c646c-b80cc3d e-heading-base\" \n\t\t \n\t\t\n\t>\n\t\n\t\t\t<a \n\t\t\t\t\t\thref=\"tel:+34663884868\"\n\t\t\ttarget=\"_blank\" \n\t\t\tclass=\"e-heading-link-base\">\n\t\t\t <strong id=\"e-mobbnko2-k16ubsq\"> Tel\u00e9fono<\/strong><br>+34 663 88 48 68<br>\n\t\t<\/a>\n\t\t<\/h2>\n\t\t\t\t<\/div>\n\t\t<div class=\"elementor-element elementor-element-7f6e8e2 e-con-full e-flex wpr-particle-no wpr-jarallax-no wpr-parallax-no wpr-sticky-section-no wpr-equal-height-no e-con e-child\" data-id=\"7f6e8e2\" data-element_type=\"container\" data-e-type=\"container\" data-settings=\"{&quot;background_background&quot;:&quot;classic&quot;,&quot;_ha_eqh_enable&quot;:false}\">\n\t\t\t\t<div class=\"elementor-element elementor-element-5d950a2 elementor-view-default elementor-widget elementor-widget-icon\" data-id=\"5d950a2\" data-element_type=\"widget\" data-e-type=\"widget\" data-widget_type=\"icon.default\">\n\t\t\t\t\t\t\t<div class=\"elementor-icon-wrapper\">\n\t\t\t<a class=\"elementor-icon\" href=\"https:\/\/wa.me\/34663884868?text=Hola!%20M%E2%80%99agradaria%20rebre%20informaci%C3%B3%20sobre...\" target=\"_blank\" rel=\"noopener\">\n\t\t\t<svg aria-hidden=\"true\" class=\"e-font-icon-svg e-fab-whatsapp-square\" viewBox=\"0 0 448 512\" xmlns=\"http:\/\/www.w3.org\/2000\/svg\"><path d=\"M224 122.8c-72.7 0-131.8 59.1-131.9 131.8 0 24.9 7 49.2 20.2 70.1l3.1 5-13.3 48.6 49.9-13.1 4.8 2.9c20.2 12 43.4 18.4 67.1 18.4h.1c72.6 0 133.3-59.1 133.3-131.8 0-35.2-15.2-68.3-40.1-93.2-25-25-58-38.7-93.2-38.7zm77.5 188.4c-3.3 9.3-19.1 17.7-26.7 18.8-12.6 1.9-22.4.9-47.5-9.9-39.7-17.2-65.7-57.2-67.7-59.8-2-2.6-16.2-21.5-16.2-41s10.2-29.1 13.9-33.1c3.6-4 7.9-5 10.6-5 2.6 0 5.3 0 7.6.1 2.4.1 5.7-.9 8.9 6.8 3.3 7.9 11.2 27.4 12.2 29.4s1.7 4.3.3 6.9c-7.6 15.2-15.7 14.6-11.6 21.6 15.3 26.3 30.6 35.4 53.9 47.1 4 2 6.3 1.7 8.6-1 2.3-2.6 9.9-11.6 12.5-15.5 2.6-4 5.3-3.3 8.9-2 3.6 1.3 23.1 10.9 27.1 12.9s6.6 3 7.6 4.6c.9 1.9.9 9.9-2.4 19.1zM400 32H48C21.5 32 0 53.5 0 80v352c0 26.5 21.5 48 48 48h352c26.5 0 48-21.5 48-48V80c0-26.5-21.5-48-48-48zM223.9 413.2c-26.6 0-52.7-6.7-75.8-19.3L64 416l22.5-82.2c-13.9-24-21.2-51.3-21.2-79.3C65.4 167.1 136.5 96 223.9 96c42.4 0 82.2 16.5 112.2 46.5 29.9 30 47.9 69.8 47.9 112.2 0 87.4-72.7 158.5-160.1 158.5z\"><\/path><\/svg>\t\t\t<\/a>\n\t\t<\/div>\n\t\t\t\t\t\t<\/div>\n\t\t\t\t\t\t\t<h2 \n\t\tdata-interaction-id=\"0c6479d\" \n\t\tclass=\"e-0c6479d-db55055 e-heading-base\" \n\t\t \n\t\t\n\t>\n\t\n\t\t\t<a href=\"https:\/\/wa.me\/34663884868?text=Hola!%20M%E2%80%99agradaria%20rebre%20informaci%C3%B3%20sobre...\" target=\"_blank\" class=\"e-heading-link-base\" rel=\"noopener\">\n\t\t\t<strong>WhatsApp<\/strong>\n\t\t<\/a>\n\t\t<\/h2>\n\t\t\t\t\t\t\t\t<p class=\"e-7b2dd6e-6075aee e-paragraph-base\" data-interaction-id=\"7b2dd6e\"  >\n\t\t\t\t\t\t\t\tEscr\u00edbenos\n\t\t\t\t\t<\/p>\n\t\t\t\t<\/div>\n\t\t<div class=\"elementor-element elementor-element-5b3211e3 e-con-full e-flex wpr-particle-no wpr-jarallax-no wpr-parallax-no wpr-sticky-section-no wpr-equal-height-no e-con e-child\" data-id=\"5b3211e3\" data-element_type=\"container\" data-e-type=\"container\" data-settings=\"{&quot;background_background&quot;:&quot;classic&quot;,&quot;_ha_eqh_enable&quot;:false}\">\n\t\t\t\t<div class=\"elementor-element elementor-element-0fc178c elementor-view-default elementor-widget elementor-widget-icon\" data-id=\"0fc178c\" data-element_type=\"widget\" data-e-type=\"widget\" data-widget_type=\"icon.default\">\n\t\t\t\t\t\t\t<div class=\"elementor-icon-wrapper\">\n\t\t\t<a class=\"elementor-icon\" href=\"https:\/\/www.instagram.com\/eoliskite\/\" target=\"_blank\" rel=\"noopener\">\n\t\t\t<svg aria-hidden=\"true\" class=\"e-font-icon-svg e-fab-instagram\" viewBox=\"0 0 448 512\" xmlns=\"http:\/\/www.w3.org\/2000\/svg\"><path d=\"M224.1 141c-63.6 0-114.9 51.3-114.9 114.9s51.3 114.9 114.9 114.9S339 319.5 339 255.9 287.7 141 224.1 141zm0 189.6c-41.1 0-74.7-33.5-74.7-74.7s33.5-74.7 74.7-74.7 74.7 33.5 74.7 74.7-33.6 74.7-74.7 74.7zm146.4-194.3c0 14.9-12 26.8-26.8 26.8-14.9 0-26.8-12-26.8-26.8s12-26.8 26.8-26.8 26.8 12 26.8 26.8zm76.1 27.2c-1.7-35.9-9.9-67.7-36.2-93.9-26.2-26.2-58-34.4-93.9-36.2-37-2.1-147.9-2.1-184.9 0-35.8 1.7-67.6 9.9-93.9 36.1s-34.4 58-36.2 93.9c-2.1 37-2.1 147.9 0 184.9 1.7 35.9 9.9 67.7 36.2 93.9s58 34.4 93.9 36.2c37 2.1 147.9 2.1 184.9 0 35.9-1.7 67.7-9.9 93.9-36.2 26.2-26.2 34.4-58 36.2-93.9 2.1-37 2.1-147.8 0-184.8zM398.8 388c-7.8 19.6-22.9 34.7-42.6 42.6-29.5 11.7-99.5 9-132.1 9s-102.7 2.6-132.1-9c-19.6-7.8-34.7-22.9-42.6-42.6-11.7-29.5-9-99.5-9-132.1s-2.6-102.7 9-132.1c7.8-19.6 22.9-34.7 42.6-42.6 29.5-11.7 99.5-9 132.1-9s102.7-2.6 132.1 9c19.6 7.8 34.7 22.9 42.6 42.6 11.7 29.5 9 99.5 9 132.1s2.7 102.7-9 132.1z\"><\/path><\/svg>\t\t\t<\/a>\n\t\t<\/div>\n\t\t\t\t\t\t<\/div>\n\t\t\t\t\t\t\t<h2 \n\t\tdata-interaction-id=\"13006255\" \n\t\tclass=\"e-13006255-4417fef e-heading-base\" \n\t\t \n\t\t\n\t>\n\t\n\t\t\t<a href=\"https:\/\/www.instagram.com\/eoliskite\/\" target=\"_blank\" class=\"e-heading-link-base\" rel=\"noopener\">\n\t\t\t Instagram<br>@eoliskite<br>\n\t\t<\/a>\n\t\t<\/h2>\n\t\t\t\t<\/div>\n\t\t<div class=\"elementor-element elementor-element-568e2acf e-con-full e-flex wpr-particle-no wpr-jarallax-no wpr-parallax-no wpr-sticky-section-no wpr-equal-height-no e-con e-child\" data-id=\"568e2acf\" data-element_type=\"container\" data-e-type=\"container\" data-settings=\"{&quot;background_background&quot;:&quot;classic&quot;,&quot;_ha_eqh_enable&quot;:false}\">\n\t\t\t\t<div class=\"elementor-element elementor-element-653c43c elementor-view-default elementor-widget elementor-widget-icon\" data-id=\"653c43c\" data-element_type=\"widget\" data-e-type=\"widget\" data-widget_type=\"icon.default\">\n\t\t\t\t\t\t\t<div class=\"elementor-icon-wrapper\">\n\t\t\t<a class=\"elementor-icon\" href=\"https:\/\/maps.app.goo.gl\/Ndzyu4bg6fSkDQac9?g_st=com.google.maps.preview.copy\" target=\"_blank\" rel=\"noopener\">\n\t\t\t<svg aria-hidden=\"true\" class=\"e-font-icon-svg e-fas-map-marked-alt\" viewBox=\"0 0 576 512\" xmlns=\"http:\/\/www.w3.org\/2000\/svg\"><path d=\"M288 0c-69.59 0-126 56.41-126 126 0 56.26 82.35 158.8 113.9 196.02 6.39 7.54 17.82 7.54 24.2 0C331.65 284.8 414 182.26 414 126 414 56.41 357.59 0 288 0zm0 168c-23.2 0-42-18.8-42-42s18.8-42 42-42 42 18.8 42 42-18.8 42-42 42zM20.12 215.95A32.006 32.006 0 0 0 0 245.66v250.32c0 11.32 11.43 19.06 21.94 14.86L160 448V214.92c-8.84-15.98-16.07-31.54-21.25-46.42L20.12 215.95zM288 359.67c-14.07 0-27.38-6.18-36.51-16.96-19.66-23.2-40.57-49.62-59.49-76.72v182l192 64V266c-18.92 27.09-39.82 53.52-59.49 76.72-9.13 10.77-22.44 16.95-36.51 16.95zm266.06-198.51L416 224v288l139.88-55.95A31.996 31.996 0 0 0 576 426.34V176.02c0-11.32-11.43-19.06-21.94-14.86z\"><\/path><\/svg>\t\t\t<\/a>\n\t\t<\/div>\n\t\t\t\t\t\t<\/div>\n\t\t\t\t\t\t\t<h2 \n\t\tdata-interaction-id=\"29ff1bb6\" \n\t\tclass=\"e-29ff1bb6-c50f785 e-heading-base\" \n\t\t \n\t\t\n\t>\n\t\n\t\t\t<a href=\"https:\/\/maps.app.goo.gl\/Ndzyu4bg6fSkDQac9?g_st=com.google.maps.preview.copy\" target=\"_blank\" class=\"e-heading-link-base\" rel=\"noopener\">\n\t\t\t <strong id=\"e-mobbmpn0-1b6plia\"> Ubicaci\u00f3n<\/strong><br>L\u2019Estartit, Costa Brava\n\t\t<\/a>\n\t\t<\/h2>\n\t\t\t\t<\/div>\n\t\t\t\t<\/div>\n\t\t\t\t\t<\/div>\n\t\t\t\t<\/div>\n\t\t<div class=\"elementor-element elementor-element-514c71d0 e-flex e-con-boxed wpr-particle-no wpr-jarallax-no wpr-parallax-no wpr-sticky-section-no wpr-equal-height-no e-con e-parent\" data-id=\"514c71d0\" data-element_type=\"container\" data-e-type=\"container\" data-settings=\"{&quot;background_background&quot;:&quot;classic&quot;,&quot;_ha_eqh_enable&quot;:false}\">\n\t\t\t\t\t<div class=\"e-con-inner\">\n\t\t<div class=\"elementor-element elementor-element-786fc15a e-grid e-con-boxed wpr-particle-no wpr-jarallax-no wpr-parallax-no wpr-sticky-section-no wpr-equal-height-no e-con e-child\" data-id=\"786fc15a\" data-element_type=\"container\" data-e-type=\"container\" data-settings=\"{&quot;_ha_eqh_enable&quot;:false}\">\n\t\t\t\t\t<div class=\"e-con-inner\">\n\t\t\t\t\t\t\t\n\t\t<img class=\"e-image-base e-2f4eff39-440ae37\" \n\t\t\t\t\tdata-interaction-id=\"2f4eff39\" \n\t\t \n\t\t \n\t\t\t\t\t\t\t\t\tid=\"854\"\n\t\t\t\t\t\t\t\t\t\t\t\tsrc=\"https:\/\/eoliskite.com\/wp-content\/uploads\/2026\/04\/delfomedes.jpg\"\n\t\t\t\t\t\t\t\t\t\t\t\twidth=\"1024\"\n\t\t\t\t\t\t\t\t\t\t\t\theight=\"926\"\n\t\t\t\t\t\t\t\t\t\t\t\tsrcset=\"https:\/\/eoliskite.com\/wp-content\/uploads\/2026\/04\/delfomedes.jpg 1024w, https:\/\/eoliskite.com\/wp-content\/uploads\/2026\/04\/delfomedes-300x271.jpg 300w, https:\/\/eoliskite.com\/wp-content\/uploads\/2026\/04\/delfomedes-768x695.jpg 768w\"\n\t\t\t\t\t\t\t\t\t\t\t\talt=\"\"\n\t\t\t\t\t\t\/>\n\t\t\t\t\t\t\t\t\n\t\t<img class=\"e-image-base e-6366b314-554ea66\" \n\t\t\t\t\tdata-interaction-id=\"6366b314\" \n\t\t \n\t\t \n\t\t\t\t\t\t\t\t\tid=\"871\"\n\t\t\t\t\t\t\t\t\t\t\t\tsrc=\"https:\/\/eoliskite.com\/wp-content\/uploads\/2026\/04\/IV-RegataWingfoilEstartit_Web-266.jpg\"\n\t\t\t\t\t\t\t\t\t\t\t\twidth=\"2500\"\n\t\t\t\t\t\t\t\t\t\t\t\theight=\"1667\"\n\t\t\t\t\t\t\t\t\t\t\t\tsrcset=\"https:\/\/eoliskite.com\/wp-content\/uploads\/2026\/04\/IV-RegataWingfoilEstartit_Web-266.jpg 2500w, https:\/\/eoliskite.com\/wp-content\/uploads\/2026\/04\/IV-RegataWingfoilEstartit_Web-266-300x200.jpg 300w, https:\/\/eoliskite.com\/wp-content\/uploads\/2026\/04\/IV-RegataWingfoilEstartit_Web-266-1024x683.jpg 1024w, https:\/\/eoliskite.com\/wp-content\/uploads\/2026\/04\/IV-RegataWingfoilEstartit_Web-266-768x512.jpg 768w, https:\/\/eoliskite.com\/wp-content\/uploads\/2026\/04\/IV-RegataWingfoilEstartit_Web-266-1536x1024.jpg 1536w, https:\/\/eoliskite.com\/wp-content\/uploads\/2026\/04\/IV-RegataWingfoilEstartit_Web-266-2048x1366.jpg 2048w\"\n\t\t\t\t\t\t\t\t\t\t\t\talt=\"\"\n\t\t\t\t\t\t\/>\n\t\t\t\t\t\t\t\t\n\t\t<img class=\"e-image-base e-5a771add-4d4732a\" \n\t\t\t\t\tdata-interaction-id=\"5a771add\" \n\t\t \n\t\t \n\t\t\t\t\t\t\t\t\tid=\"872\"\n\t\t\t\t\t\t\t\t\t\t\t\tsrc=\"https:\/\/eoliskite.com\/wp-content\/uploads\/2026\/04\/IMG_0226.jpg\"\n\t\t\t\t\t\t\t\t\t\t\t\twidth=\"2048\"\n\t\t\t\t\t\t\t\t\t\t\t\theight=\"1536\"\n\t\t\t\t\t\t\t\t\t\t\t\tsrcset=\"https:\/\/eoliskite.com\/wp-content\/uploads\/2026\/04\/IMG_0226.jpg 2048w, https:\/\/eoliskite.com\/wp-content\/uploads\/2026\/04\/IMG_0226-300x225.jpg 300w, https:\/\/eoliskite.com\/wp-content\/uploads\/2026\/04\/IMG_0226-1024x768.jpg 1024w, https:\/\/eoliskite.com\/wp-content\/uploads\/2026\/04\/IMG_0226-768x576.jpg 768w, https:\/\/eoliskite.com\/wp-content\/uploads\/2026\/04\/IMG_0226-1536x1152.jpg 1536w\"\n\t\t\t\t\t\t\t\t\t\t\t\talt=\"\"\n\t\t\t\t\t\t\/>\n\t\t\t\t\t\t<\/div>\n\t\t\t\t<\/div>\n\t\t\t\t\t<\/div>\n\t\t\t\t<\/div>\n\t\t<div class=\"elementor-element elementor-element-ed436df e-flex e-con-boxed wpr-particle-no wpr-jarallax-no wpr-parallax-no wpr-sticky-section-no wpr-equal-height-no e-con e-parent\" data-id=\"ed436df\" data-element_type=\"container\" data-e-type=\"container\" data-settings=\"{&quot;_ha_eqh_enable&quot;:false}\">\n\t\t\t\t\t<div class=\"e-con-inner\">\n\t\t\t\t\t\t\t<h2 \n\t\tdata-interaction-id=\"40a950bb\" \n\t\tclass=\"e-40a950bb-098b0ce e-heading-base\" \n\t\t \n\t\t\n\t>\n\t\n\t\t\tEolis Kite Beach Area\n\t\t<\/h2>\n\t\t\t\t\t\t\t\t<p class=\"e-7bc7e8f6-a7c3183 e-paragraph-base\" data-interaction-id=\"7bc7e8f6\"  >\n\t\t\t\t\t\t\t\tEolis Kite Beach Area es nuestro punto de encuentro en l\u2019Estartit, en la Costa Brava, en una ubicaci\u00f3n privilegiada frente a las Islas Medes. Es un espacio amplio e ideal para desarrollar actividades de kitesurf, wingfoil, windsurf y paddle surf con comodidad y seguridad. \n\t\t\t\t\t<\/p>\n\t\t\t\t<div class=\"elementor-element elementor-element-8eec659 elementor-widget elementor-widget-google_maps\" data-id=\"8eec659\" data-element_type=\"widget\" data-e-type=\"widget\" data-widget_type=\"google_maps.default\">\n\t\t\t\t\t\t\t<div class=\"elementor-custom-embed\">\n\t\t\t<iframe loading=\"lazy\"\n\t\t\t\t\tsrc=\"https:\/\/maps.google.com\/maps?q=eolis%20kite&#038;t=m&#038;z=10&#038;output=embed&#038;iwloc=near\"\n\t\t\t\t\ttitle=\"eolis kite\"\n\t\t\t\t\taria-label=\"eolis kite\"\n\t\t\t><\/iframe>\n\t\t<\/div>\n\t\t\t\t\t\t<\/div>\n\t\t\t\t\t\t\t<h2 \n\t\tdata-interaction-id=\"4c86f53\" \n\t\tclass=\"e-4c86f53-d9803b2 e-heading-base\" \n\t\t \n\t\t\n\t>\n\t\n\t\t\t<strong>Ven a navegar con nosotros<\/strong>\n\t\t<\/h2>\n\t\t\t\t\t\t\t\t<p class=\"e-3ff18411-660dfd5 e-paragraph-base\" data-interaction-id=\"3ff18411\"  >\n\t\t\t\t\t\t\t\tEscriuEscr\u00edbenos y te ayudaremos a organizar tu visita seg\u00fan la actividad y las condiciones del d\u00eda.<br><br><strong id=\"e-mokbezyt-e3vwmzi\">\u00bfTambi\u00e9n te puede interesar?<\/strong><br><br><a target=\"_self\" href=\"https:\/\/nova.eoliskite.com\/es\/kitesurf\/\" id=\"e-mokbezyt-07fhb1o\"><strong id=\"e-mokbezyt-8j6635c\"><u id=\"e-mokbezyt-3bnb9i5\">Cursos de Kitesurf en l\u2019Estartit<\/u><\/strong><\/a><br><u id=\"e-mokbezyt-gbpn6l0\"><br><\/u><a target=\"_self\" href=\"https:\/\/nova.eoliskite.com\/es\/wingfoil\/\" id=\"e-mokbezyt-b3htfsf\"><strong id=\"e-mokbezyt-6h3z072\"><u id=\"e-mokbezyt-4p76h77\">Cursos de Wingfoil en l\u2019Estartit<\/u><\/strong><\/a><br><u id=\"e-mokbezyt-lmzt031\"><br><\/u><a target=\"_self\" href=\"https:\/\/nova.eoliskite.com\/es\/windsurf\/\" id=\"e-mokbezyt-81vrs18\"><strong id=\"e-mokbezyt-gyor6c6\"><u id=\"e-mokbezyt-x4vvqms\">Cursos de Windsurf en l\u2019Estartit<\/u><\/strong><\/a><br><u id=\"e-mokbezyt-xpxpr5a\"><br><\/u><a target=\"_self\" href=\"https:\/\/nova.eoliskite.com\/es\/paddle-surf\/\" id=\"e-mokbezyt-j5c2cc1\"><strong id=\"e-mokbezyt-g1ozv0s\"><u id=\"e-mokbezyt-sfbjub9\">Paddle Surf en l\u2019Estartit<\/u><\/strong><\/a><br><u id=\"e-mokbezyt-w97xwfc\"><br><\/u><a target=\"_self\" href=\"https:\/\/nova.eoliskite.com\/es\/spot\/\" id=\"e-mokbezyt-vt0qaei\"><strong id=\"e-mokbezyt-wvufo77\"><u id=\"e-mokbezyt-8wjp5ao\">Nuestro Spot de Kitesurf en l'Estartit<\/u><\/strong><\/a><br>\n\t\t\t\t\t<\/p>\n\t\t\t\t\t<\/div>\n\t\t\t\t<\/div>\n\t\t<div class=\"elementor-element elementor-element-1c9cedc e-flex e-con-boxed wpr-particle-no wpr-jarallax-no wpr-parallax-no wpr-sticky-section-no wpr-equal-height-no e-con e-parent\" data-id=\"1c9cedc\" data-element_type=\"container\" data-e-type=\"container\" data-settings=\"{&quot;_ha_eqh_enable&quot;:false}\">\n\t\t\t\t\t<div class=\"e-con-inner\">\n\t\t\t\t<div class=\"elementor-element elementor-element-3d29e08 elementor-mobile-align-center elementor-widget elementor-widget-button\" data-id=\"3d29e08\" data-element_type=\"widget\" data-e-type=\"widget\" data-widget_type=\"button.default\">\n\t\t\t\t\t\t\t\t\t\t<a class=\"elementor-button elementor-button-link elementor-size-sm\" href=\"https:\/\/wa.me\/34663884868?text=Hola!%20M%E2%80%99agradaria%20rebre%20informaci%C3%B3%20sobre...\" target=\"_blank\" rel=\"noopener\">\n\t\t\t\t\t\t<span class=\"elementor-button-content-wrapper\">\n\t\t\t\t\t\t<span class=\"elementor-button-icon\">\n\t\t\t\t<svg aria-hidden=\"true\" class=\"e-font-icon-svg e-fab-whatsapp-square\" viewBox=\"0 0 448 512\" xmlns=\"http:\/\/www.w3.org\/2000\/svg\"><path d=\"M224 122.8c-72.7 0-131.8 59.1-131.9 131.8 0 24.9 7 49.2 20.2 70.1l3.1 5-13.3 48.6 49.9-13.1 4.8 2.9c20.2 12 43.4 18.4 67.1 18.4h.1c72.6 0 133.3-59.1 133.3-131.8 0-35.2-15.2-68.3-40.1-93.2-25-25-58-38.7-93.2-38.7zm77.5 188.4c-3.3 9.3-19.1 17.7-26.7 18.8-12.6 1.9-22.4.9-47.5-9.9-39.7-17.2-65.7-57.2-67.7-59.8-2-2.6-16.2-21.5-16.2-41s10.2-29.1 13.9-33.1c3.6-4 7.9-5 10.6-5 2.6 0 5.3 0 7.6.1 2.4.1 5.7-.9 8.9 6.8 3.3 7.9 11.2 27.4 12.2 29.4s1.7 4.3.3 6.9c-7.6 15.2-15.7 14.6-11.6 21.6 15.3 26.3 30.6 35.4 53.9 47.1 4 2 6.3 1.7 8.6-1 2.3-2.6 9.9-11.6 12.5-15.5 2.6-4 5.3-3.3 8.9-2 3.6 1.3 23.1 10.9 27.1 12.9s6.6 3 7.6 4.6c.9 1.9.9 9.9-2.4 19.1zM400 32H48C21.5 32 0 53.5 0 80v352c0 26.5 21.5 48 48 48h352c26.5 0 48-21.5 48-48V80c0-26.5-21.5-48-48-48zM223.9 413.2c-26.6 0-52.7-6.7-75.8-19.3L64 416l22.5-82.2c-13.9-24-21.2-51.3-21.2-79.3C65.4 167.1 136.5 96 223.9 96c42.4 0 82.2 16.5 112.2 46.5 29.9 30 47.9 69.8 47.9 112.2 0 87.4-72.7 158.5-160.1 158.5z\"><\/path><\/svg>\t\t\t<\/span>\n\t\t\t\t\t\t\t\t\t<span class=\"elementor-button-text\">CONT\u00c1CTANOS POR WHATSAPP<\/span>\n\t\t\t\t\t<\/span>\n\t\t\t\t\t<\/a>\n\t\t\t\t\t\t\t\t<\/div>\n\t\t\t\t\t<\/div>\n\t\t\t\t<\/div>\n\t\t\t\t<\/div>\n\t\t","protected":false},"excerpt":{"rendered":"<p>Contacta con Eolis Kite en l\u2019Estartit Escr\u00edbenos por WhatsApp y te ayudaremos a reservar clases de kitesurf, wingfoil, windsurf o paddle surf en l\u2019Estartit, seg\u00fan tu nivel, el viento y las condiciones del d\u00eda. ESCR\u00cdBENOS POR WHATSAPP Respuesta en menos de 24 h Habla con nosotros Si quieres informaci\u00f3n sobre cursos y alquileres de kitesurf, wingfoil, windsurf y paddle surf en l\u2019Estartit, escr\u00edbenos y te responderemos lo antes posible. Tel\u00e9fono+34 663 88 48 68 WhatsApp Escr\u00edbenos Instagram@eoliskite Ubicaci\u00f3nL\u2019Estartit, Costa Brava Eolis Kite Beach Area Eolis Kite Beach Area es nuestro punto de encuentro en l\u2019Estartit, en la Costa Brava, en una ubicaci\u00f3n privilegiada frente a las Islas Medes. Es un espacio amplio e ideal para desarrollar actividades de kitesurf, wingfoil, windsurf y paddle surf con comodidad y seguridad. Ven a navegar con nosotros EscriuEscr\u00edbenos y te ayudaremos a organizar tu visita seg\u00fan la actividad y las condiciones del d\u00eda. \u00bfTambi\u00e9n te puede interesar? Cursos de Kitesurf en l\u2019EstartitCursos de Wingfoil en l\u2019EstartitCursos de Windsurf en l\u2019EstartitPaddle Surf en l\u2019EstartitNuestro Spot de Kitesurf en l&#8217;Estartit CONT\u00c1CTANOS POR WHATSAPP<\/p>\n","protected":false},"author":1,"featured_media":0,"parent":0,"menu_order":0,"comment_status":"closed","ping_status":"closed","template":"","meta":{"footnotes":""},"class_list":["post-874","page","type-page","status-publish","hentry"],"_links":{"self":[{"href":"https:\/\/eoliskite.com\/es\/wp-json\/wp\/v2\/pages\/874","targetHints":{"allow":["GET"]}}],"collection":[{"href":"https:\/\/eoliskite.com\/es\/wp-json\/wp\/v2\/pages"}],"about":[{"href":"https:\/\/eoliskite.com\/es\/wp-json\/wp\/v2\/types\/page"}],"author":[{"embeddable":true,"href":"https:\/\/eoliskite.com\/es\/wp-json\/wp\/v2\/users\/1"}],"replies":[{"embeddable":true,"href":"https:\/\/eoliskite.com\/es\/wp-json\/wp\/v2\/comments?post=874"}],"version-history":[{"count":3,"href":"https:\/\/eoliskite.com\/es\/wp-json\/wp\/v2\/pages\/874\/revisions"}],"predecessor-version":[{"id":1331,"href":"https:\/\/eoliskite.com\/es\/wp-json\/wp\/v2\/pages\/874\/revisions\/1331"}],"wp:attachment":[{"href":"https:\/\/eoliskite.com\/es\/wp-json\/wp\/v2\/media?parent=874"}],"curies":[{"name":"wp","href":"https:\/\/api.w.org\/{rel}","templated":true}]}}