{"id":1014,"date":"2026-04-13T15:46:00","date_gmt":"2026-04-13T15:46:00","guid":{"rendered":"https:\/\/nova.eoliskite.com\/home\/"},"modified":"2026-05-06T11:44:05","modified_gmt":"2026-05-06T11:44:05","slug":"home","status":"publish","type":"page","link":"https:\/\/eoliskite.com\/fr\/","title":{"rendered":"Home"},"content":{"rendered":"\t\t<div data-elementor-type=\"wp-page\" data-elementor-id=\"1014\" class=\"elementor elementor-1014 elementor-12\" data-elementor-settings=\"{&quot;ha_cmc_init_switcher&quot;:&quot;no&quot;}\">\n\t\t\t\t<div class=\"elementor-element elementor-element-fe7b656 e-flex e-con-boxed wpr-particle-no wpr-jarallax-no wpr-parallax-no wpr-sticky-section-no wpr-equal-height-no e-con e-parent\" data-id=\"fe7b656\" data-element_type=\"container\" data-e-type=\"container\" data-settings=\"{&quot;background_background&quot;:&quot;classic&quot;,&quot;_ha_eqh_enable&quot;:false}\">\n\t\t\t\t\t<div class=\"e-con-inner\">\n\t\t<div class=\"elementor-element elementor-element-19bc95f e-con-full e-flex wpr-particle-no wpr-jarallax-no wpr-parallax-no wpr-sticky-section-no wpr-equal-height-no e-con e-child\" data-id=\"19bc95f\" data-element_type=\"container\" data-e-type=\"container\" data-settings=\"{&quot;background_background&quot;:&quot;classic&quot;,&quot;_ha_eqh_enable&quot;:false}\">\n\t\t\t\t\t\t\t<h2 \n\t\tdata-interaction-id=\"925d0b3\" \n\t\tclass=\"e-925d0b3-82f18c6 e-heading-base\" \n\t\t \n\t\t\n\t>\n\t\n\t\t\tKitesurf &amp; Wingfoil \u00e0 l\u2019Estartit\n\t\t<\/h2>\n\t\t\t\t\t\t\t\t<p class=\"e-d7a4465-4118307 e-paragraph-base\" data-interaction-id=\"d7a4465\"  >\n\t\t\t\t\t\t\t\t+18 ans d\u2019exp\u00e9rience <br>\u00b7 Apprenez rapidement et en toute s\u00e9curit\u00e9 <br>\u00b7 Zone exclusive r\u00e9serv\u00e9e aux cours <br>\u00b7 Mat\u00e9riel inclus\n\t\t\t\t\t<\/p>\n\t\t\t\t\t    \t            <a href=\"https:\/\/wa.me\/34663884868?text=Hola!%20M%E2%80%99agradaria%20rebre%20informaci%C3%B3%20sobre...\" target=\"_blank\" class=\"e-3e46ed7-8545e0b e-button-base\" data-interaction-id=\"3e46ed7\" rel=\"noopener\">\n            R\u00c9SERVER\n        <\/a>\n    \t\t\t\t\t\t\t\t<p class=\"e-0ffe113-9e9368b e-paragraph-base\" data-interaction-id=\"0ffe113\"  >\n\t\t\t\t\t\t\t\tR\u00e9ponse en moins de 24 h\n\t\t\t\t\t<\/p>\n\t\t\t\t<\/div>\n\t\t\t\t\t<\/div>\n\t\t\t\t<\/div>\n\t\t<div class=\"elementor-element elementor-element-ffa51fc e-flex e-con-boxed wpr-particle-no wpr-jarallax-no wpr-parallax-no wpr-sticky-section-no wpr-equal-height-no e-con e-parent\" data-id=\"ffa51fc\" data-element_type=\"container\" data-e-type=\"container\" data-settings=\"{&quot;_ha_eqh_enable&quot;:false}\">\n\t\t\t\t\t<div class=\"e-con-inner\">\n\t\t\t\t\t\t\t<h2 \n\t\tdata-interaction-id=\"c21bb38\" \n\t\tclass=\"e-c21bb38-f901b65 e-heading-base\" \n\t\t \n\t\t\n\t>\n\t\n\t\t\tNos activit\u00e9s\n\t\t<\/h2>\n\t\t\t\t\t<\/div>\n\t\t\t\t<\/div>\n\t\t<div class=\"elementor-element elementor-element-740e866 e-flex e-con-boxed wpr-particle-no wpr-jarallax-no wpr-parallax-no wpr-sticky-section-no wpr-equal-height-no e-con e-parent\" data-id=\"740e866\" data-element_type=\"container\" data-e-type=\"container\" data-settings=\"{&quot;_ha_eqh_enable&quot;:false}\">\n\t\t\t\t\t<div class=\"e-con-inner\">\n\t\t<div class=\"elementor-element elementor-element-96b4bf2 e-con-full e-flex wpr-particle-no wpr-jarallax-no wpr-parallax-no wpr-sticky-section-no wpr-equal-height-no e-con e-child\" data-id=\"96b4bf2\" data-element_type=\"container\" data-e-type=\"container\" data-settings=\"{&quot;background_background&quot;:&quot;classic&quot;,&quot;_ha_eqh_enable&quot;:false}\">\n\t\t\t\t\t\t\t<h2 \n\t\tdata-interaction-id=\"674f20d\" \n\t\tclass=\"e-674f20d-738869b e-heading-base\" \n\t\t \n\t\t\n\t>\n\t\n\t\t\t<a href=\"https:\/\/eoliskite.com\/fr\/kitesurf\/\" target=\"_self\" class=\"e-heading-link-base\">\n\t\t\tKITESURF\n\t\t<\/a>\n\t\t<\/h2>\n\t\t\t\t<\/div>\n\t\t<div class=\"elementor-element elementor-element-10810fe e-con-full e-flex wpr-particle-no wpr-jarallax-no wpr-parallax-no wpr-sticky-section-no wpr-equal-height-no e-con e-child\" data-id=\"10810fe\" data-element_type=\"container\" data-e-type=\"container\" data-settings=\"{&quot;background_background&quot;:&quot;classic&quot;,&quot;_ha_eqh_enable&quot;:false}\">\n\t\t\t\t\t\t\t<h2 \n\t\tdata-interaction-id=\"52fd520\" \n\t\tclass=\"e-52fd520-a6d8664 e-heading-base\" \n\t\t \n\t\t\n\t>\n\t\n\t\t\t<a href=\"https:\/\/eoliskite.com\/fr\/wingfoil\/\" target=\"_self\" class=\"e-heading-link-base\">\n\t\t\tWINGFOIL\n\t\t<\/a>\n\t\t<\/h2>\n\t\t\t\t<\/div>\n\t\t<div class=\"elementor-element elementor-element-09ecdb2 e-con-full e-flex wpr-particle-no wpr-jarallax-no wpr-parallax-no wpr-sticky-section-no wpr-equal-height-no e-con e-child\" data-id=\"09ecdb2\" data-element_type=\"container\" data-e-type=\"container\" data-settings=\"{&quot;background_background&quot;:&quot;classic&quot;,&quot;_ha_eqh_enable&quot;:false}\">\n\t\t\t\t\t\t\t<h2 \n\t\tdata-interaction-id=\"56cbd20\" \n\t\tclass=\"e-56cbd20-b6598ce e-heading-base\" \n\t\t \n\t\t\n\t>\n\t\n\t\t\t<a href=\"https:\/\/eoliskite.com\/fr\/windsurf\/\" target=\"_self\" class=\"e-heading-link-base\">\n\t\t\tWINDSURF\n\t\t<\/a>\n\t\t<\/h2>\n\t\t\t\t<\/div>\n\t\t<div class=\"elementor-element elementor-element-223be44 e-con-full e-flex wpr-particle-no wpr-jarallax-no wpr-parallax-no wpr-sticky-section-no wpr-equal-height-no e-con e-child\" data-id=\"223be44\" data-element_type=\"container\" data-e-type=\"container\" data-settings=\"{&quot;background_background&quot;:&quot;classic&quot;,&quot;_ha_eqh_enable&quot;:false}\">\n\t\t\t\t\t\t\t<h2 \n\t\tdata-interaction-id=\"9cabae2\" \n\t\tclass=\"e-9cabae2-78a2435 e-heading-base\" \n\t\t \n\t\t\n\t>\n\t\n\t\t\t<a href=\"https:\/\/eoliskite.com\/fr\/paddle-surf\/\" target=\"_self\" class=\"e-heading-link-base\">\n\t\t\tPADDLE SURF\n\t\t<\/a>\n\t\t<\/h2>\n\t\t\t\t<\/div>\n\t\t\t\t\t<\/div>\n\t\t\t\t<\/div>\n\t\t<div class=\"elementor-element elementor-element-7da7c56 e-flex e-con-boxed wpr-particle-no wpr-jarallax-no wpr-parallax-no wpr-sticky-section-no wpr-equal-height-no e-con e-parent\" data-id=\"7da7c56\" data-element_type=\"container\" data-e-type=\"container\" data-settings=\"{&quot;_ha_eqh_enable&quot;:false}\">\n\t\t\t\t\t<div class=\"e-con-inner\">\n\t\t\t\t\t\t\t\t<p class=\"e-1e991bd-668c2d9 e-paragraph-base\" data-interaction-id=\"1e991bd\"  >\n\t\t\t\t\t\t\t\tChez Eolis Kite, nous sommes une \u00e9cole sp\u00e9cialis\u00e9e en kitesurf, wingfoil, windsurf et paddle surf \u00e0 L\u2019Estartit, au c\u0153ur de la Costa Brava.\n\t\t\t\t\t<\/p>\n\t\t\t\t<div class=\"elementor-element elementor-element-acdbec1 elementor-widget-divider--view-line_icon elementor-view-default elementor-widget-divider--element-align-center elementor-widget elementor-widget-divider\" data-id=\"acdbec1\" data-element_type=\"widget\" data-e-type=\"widget\" data-widget_type=\"divider.default\">\n\t\t\t\t\t\t\t<div class=\"elementor-divider\">\n\t\t\t<span class=\"elementor-divider-separator\">\n\t\t\t\t\t\t\t<div class=\"elementor-icon elementor-divider__element\">\n\t\t\t\t\t<i aria-hidden=\"true\" class=\"huge huge-surfboard\"><\/i><\/div>\n\t\t\t\t\t\t<\/span>\n\t\t<\/div>\n\t\t\t\t\t\t<\/div>\n\t\t\t\t\t<\/div>\n\t\t\t\t<\/div>\n\t\t<div class=\"elementor-element elementor-element-dafba8f e-flex e-con-boxed wpr-particle-no wpr-jarallax-no wpr-parallax-no wpr-sticky-section-no wpr-equal-height-no e-con e-parent\" data-id=\"dafba8f\" data-element_type=\"container\" data-e-type=\"container\" data-settings=\"{&quot;_ha_eqh_enable&quot;:false}\">\n\t\t\t\t\t<div class=\"e-con-inner\">\n\t\t\t\t\t\t\t\t<p class=\"e-ebded9b-f7d1f04 e-paragraph-base\" data-interaction-id=\"ebded9b\"  >\n\t\t\t\t\t\t\t\tNous proposons des cours pour tous les niveaux, de l\u2019initiation au perfectionnement, avec mat\u00e9riel inclus et des s\u00e9ances adapt\u00e9es aux conditions du jour.<br><br>Notre \u00e9cole s\u2019organise de mani\u00e8re flexible selon les pr\u00e9visions de vent et le niveau de chaque \u00e9l\u00e8ve, afin de tirer le meilleur parti de chaque s\u00e9ance sur l\u2019eau.<br><br>\n\t\t\t\t\t<\/p>\n\t\t\t\t<div class=\"elementor-element elementor-element-2585085 elementor-widget-divider--view-line_icon elementor-view-default elementor-widget-divider--element-align-center elementor-widget elementor-widget-divider\" data-id=\"2585085\" data-element_type=\"widget\" data-e-type=\"widget\" data-widget_type=\"divider.default\">\n\t\t\t\t\t\t\t<div class=\"elementor-divider\">\n\t\t\t<span class=\"elementor-divider-separator\">\n\t\t\t\t\t\t\t<div class=\"elementor-icon elementor-divider__element\">\n\t\t\t\t\t<i aria-hidden=\"true\" class=\"huge huge-wind-surf\"><\/i><\/div>\n\t\t\t\t\t\t<\/span>\n\t\t<\/div>\n\t\t\t\t\t\t<\/div>\n\t\t\t\t\t<\/div>\n\t\t\t\t<\/div>\n\t\t<div class=\"elementor-element elementor-element-fc57b4f e-flex e-con-boxed wpr-particle-no wpr-jarallax-no wpr-parallax-no wpr-sticky-section-no wpr-equal-height-no e-con e-parent\" data-id=\"fc57b4f\" data-element_type=\"container\" data-e-type=\"container\" data-settings=\"{&quot;_ha_eqh_enable&quot;:false}\">\n\t\t\t\t\t<div class=\"e-con-inner\">\n\t\t\t\t\t\t\t\t<p class=\"e-2bbb146-c4e362d e-paragraph-base\" data-interaction-id=\"2bbb146\"  >\n\t\t\t\t\t\t\t\tNous proposons des cours de kitesurf \u00e0 L\u2019Estartit, ainsi que des cours de wingfoil, de windsurf et de paddle surf, avec des options priv\u00e9es, semi-priv\u00e9es, en groupe, ainsi que la location de mat\u00e9riel selon l\u2019activit\u00e9.\n\t\t\t\t\t<\/p>\n\t\t<div class=\"elementor-element elementor-element-fcdf5ae e-con-full e-flex wpr-particle-no wpr-jarallax-no wpr-parallax-no wpr-sticky-section-no wpr-equal-height-no e-con e-child\" data-id=\"fcdf5ae\" data-element_type=\"container\" data-e-type=\"container\" data-settings=\"{&quot;_ha_eqh_enable&quot;:false}\">\n\t\t\t\t<div class=\"elementor-element elementor-element-54b8956 elementor-widget-divider--view-line_icon elementor-view-default elementor-widget-divider--element-align-center elementor-widget elementor-widget-divider\" data-id=\"54b8956\" data-element_type=\"widget\" data-e-type=\"widget\" data-widget_type=\"divider.default\">\n\t\t\t\t\t\t\t<div class=\"elementor-divider\">\n\t\t\t<span class=\"elementor-divider-separator\">\n\t\t\t\t\t\t\t<div class=\"elementor-icon elementor-divider__element\">\n\t\t\t\t\t<svg aria-hidden=\"true\" class=\"e-font-icon-svg e-fas-water\" viewBox=\"0 0 576 512\" xmlns=\"http:\/\/www.w3.org\/2000\/svg\"><path d=\"M562.1 383.9c-21.5-2.4-42.1-10.5-57.9-22.9-14.1-11.1-34.2-11.3-48.2 0-37.9 30.4-107.2 30.4-145.7-1.5-13.5-11.2-33-9.1-46.7 1.8-38 30.1-106.9 30-145.2-1.7-13.5-11.2-33.3-8.9-47.1 2-15.5 12.2-36 20.1-57.7 22.4-7.9.8-13.6 7.8-13.6 15.7v32.2c0 9.1 7.6 16.8 16.7 16 28.8-2.5 56.1-11.4 79.4-25.9 56.5 34.6 137 34.1 192 0 56.5 34.6 137 34.1 192 0 23.3 14.2 50.9 23.3 79.1 25.8 9.1.8 16.7-6.9 16.7-16v-31.6c.1-8-5.7-15.4-13.8-16.3zm0-144c-21.5-2.4-42.1-10.5-57.9-22.9-14.1-11.1-34.2-11.3-48.2 0-37.9 30.4-107.2 30.4-145.7-1.5-13.5-11.2-33-9.1-46.7 1.8-38 30.1-106.9 30-145.2-1.7-13.5-11.2-33.3-8.9-47.1 2-15.5 12.2-36 20.1-57.7 22.4-7.9.8-13.6 7.8-13.6 15.7v32.2c0 9.1 7.6 16.8 16.7 16 28.8-2.5 56.1-11.4 79.4-25.9 56.5 34.6 137 34.1 192 0 56.5 34.6 137 34.1 192 0 23.3 14.2 50.9 23.3 79.1 25.8 9.1.8 16.7-6.9 16.7-16v-31.6c.1-8-5.7-15.4-13.8-16.3zm0-144C540.6 93.4 520 85.4 504.2 73 490.1 61.9 470 61.7 456 73c-37.9 30.4-107.2 30.4-145.7-1.5-13.5-11.2-33-9.1-46.7 1.8-38 30.1-106.9 30-145.2-1.7-13.5-11.2-33.3-8.9-47.1 2-15.5 12.2-36 20.1-57.7 22.4-7.9.8-13.6 7.8-13.6 15.7v32.2c0 9.1 7.6 16.8 16.7 16 28.8-2.5 56.1-11.4 79.4-25.9 56.5 34.6 137 34.1 192 0 56.5 34.6 137 34.1 192 0 23.3 14.2 50.9 23.3 79.1 25.8 9.1.8 16.7-6.9 16.7-16v-31.6c.1-8-5.7-15.4-13.8-16.3z\"><\/path><\/svg><\/div>\n\t\t\t\t\t\t<\/span>\n\t\t<\/div>\n\t\t\t\t\t\t<\/div>\n\t\t\t\t\t\t\t\t<p class=\"e-ac70819-cdcb26e e-paragraph-base\" data-interaction-id=\"ac70819\"  >\n\t\t\t\t\t\t\t\tNous sommes situ\u00e9s face aux \u00eeles Medes, dans un environnement unique pour apprendre et profiter de la mer \u00e0 G\u00e9rone..<br><br>Si vous recherchez une \u00e9cole de kitesurf sur la Costa Brava ou si vous souhaitez r\u00e9server une activit\u00e9 \u00e0 L\u2019Estartit, nous pouvons vous aider \u00e0 trouver la meilleure option selon vos dates, votre niveau et les conditions.\n\t\t\t\t\t<\/p>\n\t\t\t\t<\/div>\n\t\t\t\t\t<\/div>\n\t\t\t\t<\/div>\n\t\t<div class=\"elementor-element elementor-element-a9cccde e-flex e-con-boxed wpr-particle-no wpr-jarallax-no wpr-parallax-no wpr-sticky-section-no wpr-equal-height-no e-con e-parent\" data-id=\"a9cccde\" data-element_type=\"container\" data-e-type=\"container\" data-settings=\"{&quot;_ha_eqh_enable&quot;:false}\">\n\t\t\t\t\t<div class=\"e-con-inner\">\n\t\t\t\t\t<\/div>\n\t\t\t\t<\/div>\n\t\t\t\t<\/div>\n\t\t","protected":false},"excerpt":{"rendered":"<p>Kitesurf &amp; Wingfoil \u00e0 l\u2019Estartit +18 ans d\u2019exp\u00e9rience \u00b7 Apprenez rapidement et en toute s\u00e9curit\u00e9 \u00b7 Zone exclusive r\u00e9serv\u00e9e aux cours \u00b7 Mat\u00e9riel inclus R\u00c9SERVER R\u00e9ponse en moins de 24 h Nos activit\u00e9s KITESURF WINGFOIL WINDSURF PADDLE SURF Chez Eolis Kite, nous sommes une \u00e9cole sp\u00e9cialis\u00e9e en kitesurf, wingfoil, windsurf et paddle surf \u00e0 L\u2019Estartit, au c\u0153ur de la Costa Brava. Nous proposons des cours pour tous les niveaux, de l\u2019initiation au perfectionnement, avec mat\u00e9riel inclus et des s\u00e9ances adapt\u00e9es aux conditions du jour. Notre \u00e9cole s\u2019organise de mani\u00e8re flexible selon les pr\u00e9visions de vent et le niveau de chaque \u00e9l\u00e8ve, afin de tirer le meilleur parti de chaque s\u00e9ance sur l\u2019eau. Nous proposons des cours de kitesurf \u00e0 L\u2019Estartit, ainsi que des cours de wingfoil, de windsurf et de paddle surf, avec des options priv\u00e9es, semi-priv\u00e9es, en groupe, ainsi que la location de mat\u00e9riel selon l\u2019activit\u00e9. Nous sommes situ\u00e9s face aux \u00eeles Medes, dans un environnement unique pour apprendre et profiter de la mer \u00e0 G\u00e9rone.. Si vous recherchez une \u00e9cole de kitesurf sur la Costa Brava ou si vous souhaitez r\u00e9server une activit\u00e9 \u00e0 L\u2019Estartit, nous pouvons vous aider \u00e0 trouver la meilleure option selon vos dates, votre niveau et les conditions.<\/p>\n","protected":false},"author":1,"featured_media":0,"parent":0,"menu_order":0,"comment_status":"closed","ping_status":"closed","template":"","meta":{"footnotes":""},"class_list":["post-1014","page","type-page","status-publish","hentry"],"_links":{"self":[{"href":"https:\/\/eoliskite.com\/fr\/wp-json\/wp\/v2\/pages\/1014","targetHints":{"allow":["GET"]}}],"collection":[{"href":"https:\/\/eoliskite.com\/fr\/wp-json\/wp\/v2\/pages"}],"about":[{"href":"https:\/\/eoliskite.com\/fr\/wp-json\/wp\/v2\/types\/page"}],"author":[{"embeddable":true,"href":"https:\/\/eoliskite.com\/fr\/wp-json\/wp\/v2\/users\/1"}],"replies":[{"embeddable":true,"href":"https:\/\/eoliskite.com\/fr\/wp-json\/wp\/v2\/comments?post=1014"}],"version-history":[{"count":3,"href":"https:\/\/eoliskite.com\/fr\/wp-json\/wp\/v2\/pages\/1014\/revisions"}],"predecessor-version":[{"id":1307,"href":"https:\/\/eoliskite.com\/fr\/wp-json\/wp\/v2\/pages\/1014\/revisions\/1307"}],"wp:attachment":[{"href":"https:\/\/eoliskite.com\/fr\/wp-json\/wp\/v2\/media?parent=1014"}],"curies":[{"name":"wp","href":"https:\/\/api.w.org\/{rel}","templated":true}]}}