{"id":1081,"date":"2026-04-18T09:59:45","date_gmt":"2026-04-18T09:59:45","guid":{"rendered":"https:\/\/nova.eoliskite.com\/spot\/"},"modified":"2026-05-06T12:46:50","modified_gmt":"2026-05-06T12:46:50","slug":"spot","status":"publish","type":"page","link":"https:\/\/eoliskite.com\/fr\/spot\/","title":{"rendered":"Spot"},"content":{"rendered":"\t\t<div data-elementor-type=\"wp-page\" data-elementor-id=\"1081\" class=\"elementor elementor-1081 elementor-105\" data-elementor-settings=\"{&quot;ha_cmc_init_switcher&quot;:&quot;no&quot;}\">\n\t\t\t\t<div class=\"elementor-element elementor-element-4e796b25 e-flex e-con-boxed wpr-particle-no wpr-jarallax-no wpr-parallax-no wpr-sticky-section-no wpr-equal-height-no e-con e-parent\" data-id=\"4e796b25\" data-element_type=\"container\" data-e-type=\"container\" data-settings=\"{&quot;background_background&quot;:&quot;classic&quot;,&quot;_ha_eqh_enable&quot;:false}\">\n\t\t\t\t\t<div class=\"e-con-inner\">\n\t\t<div class=\"elementor-element elementor-element-55f1ef9e e-con-full e-flex wpr-particle-no wpr-jarallax-no wpr-parallax-no wpr-sticky-section-no wpr-equal-height-no e-con e-child\" data-id=\"55f1ef9e\" data-element_type=\"container\" data-e-type=\"container\" data-settings=\"{&quot;background_background&quot;:&quot;classic&quot;,&quot;_ha_eqh_enable&quot;:false}\">\n\t\t\t\t\t\t\t<h2 \n\t\tdata-interaction-id=\"719280ef\" \n\t\tclass=\"e-719280ef-00779fc e-heading-base\" \n\t\t \n\t\t\n\t>\n\t\n\t\t\tNotre spot \u00e0 L' Estartit\n\t\t<\/h2>\n\t\t\t\t\t\t\t\t<p class=\"e-793ead2f-9b46108 e-paragraph-base\" data-interaction-id=\"793ead2f\"  >\n\t\t\t\t\t\t\t\tUn spot unique sur la Costa Brava, face aux \u00eeles Medes et dans un emplacement privil\u00e9gi\u00e9 du Baix Empord\u00e0.\n\t\t\t\t\t<\/p>\n\t\t\t\t\t    \t            <a href=\"https:\/\/wa.me\/34663884868\" target=\"_blank\" class=\"e-5df902d4-72d0de6 e-button-base\" data-interaction-id=\"5df902d4\" rel=\"noopener\">\n            \u00c9CRIVEZ-NOUS SUR WHATSAPP\n        <\/a>\n    \t\t\t\t\t\t\t\t<p class=\"e-3de70b82-98558f7 e-paragraph-base\" data-interaction-id=\"3de70b82\"  >\n\t\t\t\t\t\t\t\tR\u00e9ponse en moins de 24 h\n\t\t\t\t\t<\/p>\n\t\t\t\t<\/div>\n\t\t\t\t\t<\/div>\n\t\t\t\t<\/div>\n\t\t<div class=\"elementor-element elementor-element-380e4a74 e-flex e-con-boxed wpr-particle-no wpr-jarallax-no wpr-parallax-no wpr-sticky-section-no wpr-equal-height-no e-con e-parent\" data-id=\"380e4a74\" data-element_type=\"container\" data-e-type=\"container\" data-settings=\"{&quot;_ha_eqh_enable&quot;:false}\">\n\t\t\t\t\t<div class=\"e-con-inner\">\n\t\t\t\t\t\t\t<h2 \n\t\tdata-interaction-id=\"2ae9775b\" \n\t\tclass=\"e-2ae9775b-61a45ba e-heading-base\" \n\t\t \n\t\t\n\t>\n\t\n\t\t\t<strong>Un spot unique sur la Costa Brava<\/strong>\n\t\t<\/h2>\n\t\t\t\t\t\t\t\t<p class=\"e-269b0dd-0cf69fa e-paragraph-base\" data-interaction-id=\"269b0dd\"  >\n\t\t\t\t\t\t\t\tEolis Kite est situ\u00e9 \u00e0 L\u2019Estartit, dans l\u2019une des zones les plus sp\u00e9ciales de la Costa Brava. Face aux \u00eeles Medes et au c\u0153ur du Baix Empord\u00e0, nous travaillons dans un environnement privil\u00e9gi\u00e9 pour pratiquer le kitesurf, le wingfoil, le windsurf et le paddle surf. \n\t\t\t\t\t<\/p>\n\t\t\t\t\t<\/div>\n\t\t\t\t<\/div>\n\t\t<div class=\"elementor-element elementor-element-3f20f985 e-flex e-con-boxed wpr-particle-no wpr-jarallax-no wpr-parallax-no wpr-sticky-section-no wpr-equal-height-no e-con e-parent\" data-id=\"3f20f985\" data-element_type=\"container\" data-e-type=\"container\" data-settings=\"{&quot;background_background&quot;:&quot;classic&quot;,&quot;_ha_eqh_enable&quot;:false}\">\n\t\t\t\t\t<div class=\"e-con-inner\">\n\t\t\t\t\t\t\t<h2 \n\t\tdata-interaction-id=\"43464059\" \n\t\tclass=\"e-43464059-a317598 e-heading-base\" \n\t\t \n\t\t\n\t>\n\t\n\t\t\t<strong>Un endroit id\u00e9al pour apprendre et naviguer<\/strong>\n\t\t<\/h2>\n\t\t\t\t\t\t\t\t<p class=\"e-22ea6dd9-40f4fee e-paragraph-base\" data-interaction-id=\"22ea6dd9\"  >\n\t\t\t\t\t\t\t\tContrairement \u00e0 d\u2019autres zones plus fr\u00e9quent\u00e9es de la Costa Brava, \u00e0 L\u2019Estartit nous travaillons dans un environnement plus calme, plus familial, avec une zone exclusive pour l\u2019\u00e9cole. Cela en fait un spot tr\u00e8s appr\u00e9ci\u00e9 pour apprendre, progresser et naviguer confortablement. \n\t\t\t\t\t<\/p>\n\t\t\t\t\t<\/div>\n\t\t\t\t<\/div>\n\t\t<div class=\"elementor-element elementor-element-6576b6df e-flex e-con-boxed wpr-particle-no wpr-jarallax-no wpr-parallax-no wpr-sticky-section-no wpr-equal-height-no e-con e-parent\" data-id=\"6576b6df\" data-element_type=\"container\" data-e-type=\"container\" data-settings=\"{&quot;background_background&quot;:&quot;classic&quot;,&quot;_ha_eqh_enable&quot;:false}\">\n\t\t\t\t\t<div class=\"e-con-inner\">\n\t\t<div class=\"elementor-element elementor-element-5dac0102 e-grid e-con-boxed wpr-particle-no wpr-jarallax-no wpr-parallax-no wpr-sticky-section-no wpr-equal-height-no e-con e-child\" data-id=\"5dac0102\" data-element_type=\"container\" data-e-type=\"container\" data-settings=\"{&quot;_ha_eqh_enable&quot;:false}\">\n\t\t\t\t\t<div class=\"e-con-inner\">\n\t\t\t\t\t\t\t\n\t\t<img class=\"e-image-base e-3ff381d7-19c98e0\" \n\t\t\t\t\tdata-interaction-id=\"3ff381d7\" \n\t\t \n\t\t \n\t\t\t\t\t\t\t\t\tid=\"1024\"\n\t\t\t\t\t\t\t\t\t\t\t\tsrc=\"https:\/\/eoliskite.com\/wp-content\/uploads\/2026\/04\/Facebook-FinnSpencer_SkybridSLS26_UnitSLS26_Maui_Duotone_by-TobyBromwich-8577.jpg\"\n\t\t\t\t\t\t\t\t\t\t\t\twidth=\"1200\"\n\t\t\t\t\t\t\t\t\t\t\t\theight=\"628\"\n\t\t\t\t\t\t\t\t\t\t\t\tsrcset=\"https:\/\/eoliskite.com\/wp-content\/uploads\/2026\/04\/Facebook-FinnSpencer_SkybridSLS26_UnitSLS26_Maui_Duotone_by-TobyBromwich-8577.jpg 1200w, https:\/\/eoliskite.com\/wp-content\/uploads\/2026\/04\/Facebook-FinnSpencer_SkybridSLS26_UnitSLS26_Maui_Duotone_by-TobyBromwich-8577-300x157.jpg 300w, https:\/\/eoliskite.com\/wp-content\/uploads\/2026\/04\/Facebook-FinnSpencer_SkybridSLS26_UnitSLS26_Maui_Duotone_by-TobyBromwich-8577-1024x536.jpg 1024w, https:\/\/eoliskite.com\/wp-content\/uploads\/2026\/04\/Facebook-FinnSpencer_SkybridSLS26_UnitSLS26_Maui_Duotone_by-TobyBromwich-8577-768x402.jpg 768w\"\n\t\t\t\t\t\t\t\t\t\t\t\talt=\"\"\n\t\t\t\t\t\t\/>\n\t\t\t\t\t\t\t\t\n\t\t<img class=\"e-image-base e-4766a599-0d74447\" \n\t\t\t\t\tdata-interaction-id=\"4766a599\" \n\t\t \n\t\t \n\t\t\t\t\t\t\t\t\tid=\"1019\"\n\t\t\t\t\t\t\t\t\t\t\t\tsrc=\"https:\/\/eoliskite.com\/wp-content\/uploads\/2026\/04\/Website-DTK-Duotone-Jaime-ClickBar-NoeFont-2026-Egypt-TobyBromwich-6521.jpg\"\n\t\t\t\t\t\t\t\t\t\t\t\twidth=\"1970\"\n\t\t\t\t\t\t\t\t\t\t\t\theight=\"1242\"\n\t\t\t\t\t\t\t\t\t\t\t\tsrcset=\"https:\/\/eoliskite.com\/wp-content\/uploads\/2026\/04\/Website-DTK-Duotone-Jaime-ClickBar-NoeFont-2026-Egypt-TobyBromwich-6521.jpg 1970w, https:\/\/eoliskite.com\/wp-content\/uploads\/2026\/04\/Website-DTK-Duotone-Jaime-ClickBar-NoeFont-2026-Egypt-TobyBromwich-6521-300x189.jpg 300w, https:\/\/eoliskite.com\/wp-content\/uploads\/2026\/04\/Website-DTK-Duotone-Jaime-ClickBar-NoeFont-2026-Egypt-TobyBromwich-6521-1024x646.jpg 1024w, https:\/\/eoliskite.com\/wp-content\/uploads\/2026\/04\/Website-DTK-Duotone-Jaime-ClickBar-NoeFont-2026-Egypt-TobyBromwich-6521-768x484.jpg 768w, https:\/\/eoliskite.com\/wp-content\/uploads\/2026\/04\/Website-DTK-Duotone-Jaime-ClickBar-NoeFont-2026-Egypt-TobyBromwich-6521-1536x968.jpg 1536w\"\n\t\t\t\t\t\t\t\t\t\t\t\talt=\"\"\n\t\t\t\t\t\t\/>\n\t\t\t\t\t\t\t\t\n\t\t<img class=\"e-image-base e-2ab7d269-f38174d\" \n\t\t\t\t\tdata-interaction-id=\"2ab7d269\" \n\t\t \n\t\t \n\t\t\t\t\t\t\t\t\tid=\"1077\"\n\t\t\t\t\t\t\t\t\t\t\t\tsrc=\"https:\/\/eoliskite.com\/wp-content\/uploads\/2026\/04\/windsuper.jpg\"\n\t\t\t\t\t\t\t\t\t\t\t\twidth=\"864\"\n\t\t\t\t\t\t\t\t\t\t\t\theight=\"576\"\n\t\t\t\t\t\t\t\t\t\t\t\tsrcset=\"https:\/\/eoliskite.com\/wp-content\/uploads\/2026\/04\/windsuper.jpg 864w, https:\/\/eoliskite.com\/wp-content\/uploads\/2026\/04\/windsuper-300x200.jpg 300w, https:\/\/eoliskite.com\/wp-content\/uploads\/2026\/04\/windsuper-768x512.jpg 768w\"\n\t\t\t\t\t\t\t\t\t\t\t\talt=\"\"\n\t\t\t\t\t\t\/>\n\t\t\t\t\t\t<\/div>\n\t\t\t\t<\/div>\n\t\t\t\t\t<\/div>\n\t\t\t\t<\/div>\n\t\t<div class=\"elementor-element elementor-element-51b20ad5 e-flex e-con-boxed wpr-particle-no wpr-jarallax-no wpr-parallax-no wpr-sticky-section-no wpr-equal-height-no e-con e-parent\" data-id=\"51b20ad5\" data-element_type=\"container\" data-e-type=\"container\" data-settings=\"{&quot;_ha_eqh_enable&quot;:false}\">\n\t\t\t\t\t<div class=\"e-con-inner\">\n\t\t\t\t\t\t\t<h2 \n\t\tdata-interaction-id=\"7c3959cf\" \n\t\tclass=\"e-7c3959cf-b85ef2c e-heading-base\" \n\t\t \n\t\t\n\t>\n\t\n\t\t\tVent, vagues et temp\u00e9rature de l\u2019eau\n\t\t<\/h2>\n\t\t\t\t\t\t\t\t<p class=\"e-56be1ec0-5009add e-paragraph-base\" data-interaction-id=\"56be1ec0\"  >\n\t\t\t\t\t\t\t\tL\u2019Estartit est un spot tr\u00e8s complet, avec des vents navigables tr\u00e8s vari\u00e9s, de bonnes conditions selon l\u2019heure de la journ\u00e9e et une saison tr\u00e8s int\u00e9ressante pour diff\u00e9rents niveaux et disciplines. Voici une r\u00e9f\u00e9rence indicative des conditions habituelles du spot. \n\t\t\t\t\t<\/p>\n\t\t\t\t\t\t\t<h3 \n\t\tdata-interaction-id=\"ae5d911\" \n\t\tclass=\"e-ae5d911-2b842c2 e-heading-base\" \n\t\t \n\t\t\n\t>\n\t\n\t\t\tConditions g\u00e9n\u00e9rales du spot\n\t\t<\/h3>\n\t\t\t\t\t\t\t\t<p class=\"e-16caf71-dd1a9be e-paragraph-base\" data-interaction-id=\"16caf71\"  >\n\t\t\t\t\t\t\t\tT\u00f4t le matin, la mer est g\u00e9n\u00e9ralement id\u00e9ale pour le paddle surf et pour partir d\u00e9couvrir la c\u00f4te du Montgr\u00ed et des criques comme La Pedrosa ou La Ferriola. En fin de matin\u00e9e, lorsque le vent commence \u00e0 monter un peu, il y a souvent de tr\u00e8s bonnes conditions pour le windsurf. \u00c0 partir de midi, quand le vent gagne en intensit\u00e9, c\u2019est g\u00e9n\u00e9ralement le meilleur moment pour le kitesurf et le wingfoil. Selon les jours, c\u2019est un spot qui offre des conditions diff\u00e9rentes et tr\u00e8s int\u00e9ressantes pour plusieurs sports et niveaux.   \n\t\t\t\t\t<\/p>\n\t\t\t\t\t\t\t<h3 \n\t\tdata-interaction-id=\"7790228\" \n\t\tclass=\"e-7790228-ce30130 e-heading-base\" \n\t\t \n\t\t\n\t>\n\t\n\t\t\tVents habituels du spot\n\t\t<\/h3>\n\t\t\t\t\t\t\t\t<p class=\"e-c3a9e8c-a3276bd e-paragraph-base\" data-interaction-id=\"c3a9e8c\"  >\n\t\t\t\t\t\t\t\tAu printemps et en \u00e9t\u00e9, l\u2019un des vents les plus fr\u00e9quents est la brise marine, de direction sud-est. C\u2019est un vent thermique de droite, side on, tr\u00e8s constant et id\u00e9al pour l\u2019apprentissage du kitesurf, du windsurf et du wingfoil. <br><br>\u00c0 cette p\u00e9riode, le garb\u00ed est \u00e9galement assez fr\u00e9quent, de direction sud-sud-ouest. C\u2019est un vent side off, qui entre g\u00e9n\u00e9ralement plus fort que le thermique et aussi de mani\u00e8re plus irr\u00e9guli\u00e8re. <br><br>Il ne faut pas oublier le gregal, de direction nord-est. C\u2019est un vent de gauche, side on, et l\u2019une des directions les plus appr\u00e9ci\u00e9es du spot. L\u2019Estartit est l\u2019une des meilleures zones de la Costa Brava pour naviguer avec le gregal, et c\u2019est un vent qui donne beaucoup de qualit\u00e9 \u00e0 ce spot.  <br><br>La tramontane, de direction nord-nord-ouest, est un vent side off. En \u00e9t\u00e9, elle est g\u00e9n\u00e9ralement moins fr\u00e9quente, mais en automne c\u2019est souvent l\u2019une des meilleures p\u00e9riodes pour en profiter. <br><br>D\u2019avril \u00e0 ao\u00fbt, il est courant d\u2019avoir entre 70 % et 90 % de jours navigables avec un vent de force F3 ou plus.\n\t\t\t\t\t<\/p>\n\t\t\t\t\t\t\t<h3 \n\t\tdata-interaction-id=\"0e28b05\" \n\t\tclass=\"e-0e28b05-5b08d39 e-heading-base\" \n\t\t \n\t\t\n\t>\n\t\n\t\t\tVagues et niveau du spot\n\t\t<\/h3>\n\t\t\t\t\t\t\t\t<p class=\"e-8a35f02-f8dcec0 e-paragraph-base\" data-interaction-id=\"8a35f02\"  >\n\t\t\t\t\t\t\t\tAvec les vents du nord, de bonnes vagues se forment souvent pour les amateurs de surf kite, de wingfoil dans les vagues et de surf foil. La plage de L\u2019Estartit est consid\u00e9r\u00e9e comme l\u2019un des meilleurs spots de vagues de Catalogne. C\u2019est aussi un spot tr\u00e8s complet pour diff\u00e9rents niveaux et styles de navigation.  <br><br>C\u2019est une zone particuli\u00e8rement int\u00e9ressante pour les d\u00e9butants, les interm\u00e9diaires, le freeride, le foil et les journ\u00e9es de vagues lorsque les bonnes conditions sont r\u00e9unies.\n\t\t\t\t\t<\/p>\n\t\t\t\t\t\t\t<h3 \n\t\tdata-interaction-id=\"dcf7a9c\" \n\t\tclass=\"e-dcf7a9c-bc97d18 e-heading-base\" \n\t\t \n\t\t\n\t>\n\t\n\t\t\tTemp\u00e9rature de l\u2019eau\n\t\t<\/h3>\n\t\t\t\t\t\t\t\t<p class=\"e-5d8551f-6619c5d e-paragraph-base\" data-interaction-id=\"5d8551f\"  >\n\t\t\t\t\t\t\t\tLa temp\u00e9rature de l\u2019eau change selon la saison, et il vaut mieux venir bien \u00e9quip\u00e9. Pour les mois d\u2019hiver, nous recommandons une combinaison de 5 mm. En mai et en octobre, une 4 mm. Et en juillet, ao\u00fbt et septembre, un shorty ou, lors des journ\u00e9es les plus chaudes, un lycra.  \n\t\t\t\t\t<\/p>\n\t\t\t\t\t<\/div>\n\t\t\t\t<\/div>\n\t\t<div class=\"elementor-element elementor-element-54332eb e-flex e-con-boxed wpr-particle-no wpr-jarallax-no wpr-parallax-no wpr-sticky-section-no wpr-equal-height-no e-con e-parent\" data-id=\"54332eb\" data-element_type=\"container\" data-e-type=\"container\" data-settings=\"{&quot;background_background&quot;:&quot;classic&quot;,&quot;_ha_eqh_enable&quot;:false}\">\n\t\t\t\t\t<div class=\"e-con-inner\">\n\t\t<div class=\"elementor-element elementor-element-1d9b453 e-grid e-con-boxed wpr-particle-no wpr-jarallax-no wpr-parallax-no wpr-sticky-section-no wpr-equal-height-no e-con e-child\" data-id=\"1d9b453\" data-element_type=\"container\" data-e-type=\"container\" data-settings=\"{&quot;background_background&quot;:&quot;classic&quot;,&quot;_ha_eqh_enable&quot;:false}\">\n\t\t\t\t\t<div class=\"e-con-inner\">\n\t\t\t\t\t\t\t\n\t\t<img class=\"e-image-base \" \n\t\t\t\t\tdata-interaction-id=\"222408c\" \n\t\t \n\t\t \n\t\t\t\t\t\t\t\t\tid=\"1078\"\n\t\t\t\t\t\t\t\t\t\t\t\tsrc=\"https:\/\/eoliskite.com\/wp-content\/uploads\/2026\/04\/temperaturaaigua.gif\"\n\t\t\t\t\t\t\t\t\t\t\t\twidth=\"812\"\n\t\t\t\t\t\t\t\t\t\t\t\theight=\"553\"\n\t\t\t\t\t\t\t\t\t\t\t\tsrcset=\"\"\n\t\t\t\t\t\t\t\t\t\t\t\talt=\"\"\n\t\t\t\t\t\t\/>\n\t\t\t\t\t\t\t\t\n\t\t<img class=\"e-image-base \" \n\t\t\t\t\tdata-interaction-id=\"f86e29e\" \n\t\t \n\t\t \n\t\t\t\t\t\t\t\t\tid=\"1079\"\n\t\t\t\t\t\t\t\t\t\t\t\tsrc=\"https:\/\/eoliskite.com\/wp-content\/uploads\/2026\/04\/Captura-de-pantalla-2026-04-23-a-las-10.41.39.png\"\n\t\t\t\t\t\t\t\t\t\t\t\twidth=\"950\"\n\t\t\t\t\t\t\t\t\t\t\t\theight=\"646\"\n\t\t\t\t\t\t\t\t\t\t\t\tsrcset=\"https:\/\/eoliskite.com\/wp-content\/uploads\/2026\/04\/Captura-de-pantalla-2026-04-23-a-las-10.41.39.png 950w, https:\/\/eoliskite.com\/wp-content\/uploads\/2026\/04\/Captura-de-pantalla-2026-04-23-a-las-10.41.39-300x204.png 300w, https:\/\/eoliskite.com\/wp-content\/uploads\/2026\/04\/Captura-de-pantalla-2026-04-23-a-las-10.41.39-768x522.png 768w\"\n\t\t\t\t\t\t\t\t\t\t\t\talt=\"\"\n\t\t\t\t\t\t\/>\n\t\t\t\t\t\t<\/div>\n\t\t\t\t<\/div>\n\t\t\t\t\t<\/div>\n\t\t\t\t<\/div>\n\t\t<div class=\"elementor-element elementor-element-8543694 e-con-full e-flex wpr-particle-no wpr-jarallax-no wpr-parallax-no wpr-sticky-section-no wpr-equal-height-no e-con e-parent\" data-id=\"8543694\" data-element_type=\"container\" data-e-type=\"container\" data-settings=\"{&quot;_ha_eqh_enable&quot;:false}\">\n\t\t\t\t\t\t\t\n\t\t<img class=\"e-image-base \" \n\t\t\t\t\tdata-interaction-id=\"919b0f6\" \n\t\t \n\t\t \n\t\t\t\t\t\t\t\t\tid=\"1036\"\n\t\t\t\t\t\t\t\t\t\t\t\tsrc=\"https:\/\/eoliskite.com\/wp-content\/uploads\/2026\/04\/IV-RegataWingfoilEstartit_Web-266.jpg\"\n\t\t\t\t\t\t\t\t\t\t\t\twidth=\"2500\"\n\t\t\t\t\t\t\t\t\t\t\t\theight=\"1667\"\n\t\t\t\t\t\t\t\t\t\t\t\tsrcset=\"https:\/\/eoliskite.com\/wp-content\/uploads\/2026\/04\/IV-RegataWingfoilEstartit_Web-266.jpg 2500w, https:\/\/eoliskite.com\/wp-content\/uploads\/2026\/04\/IV-RegataWingfoilEstartit_Web-266-300x200.jpg 300w, https:\/\/eoliskite.com\/wp-content\/uploads\/2026\/04\/IV-RegataWingfoilEstartit_Web-266-1024x683.jpg 1024w, https:\/\/eoliskite.com\/wp-content\/uploads\/2026\/04\/IV-RegataWingfoilEstartit_Web-266-768x512.jpg 768w, https:\/\/eoliskite.com\/wp-content\/uploads\/2026\/04\/IV-RegataWingfoilEstartit_Web-266-1536x1024.jpg 1536w, https:\/\/eoliskite.com\/wp-content\/uploads\/2026\/04\/IV-RegataWingfoilEstartit_Web-266-2048x1366.jpg 2048w\"\n\t\t\t\t\t\t\t\t\t\t\t\talt=\"\"\n\t\t\t\t\t\t\/>\n\t\t\t\t\t<\/div>\n\t\t<div class=\"elementor-element elementor-element-09ec834 e-flex e-con-boxed wpr-particle-no wpr-jarallax-no wpr-parallax-no wpr-sticky-section-no wpr-equal-height-no e-con e-parent\" data-id=\"09ec834\" data-element_type=\"container\" data-e-type=\"container\" data-settings=\"{&quot;background_background&quot;:&quot;classic&quot;,&quot;_ha_eqh_enable&quot;:false}\">\n\t\t\t\t\t<div class=\"e-con-inner\">\n\t\t\t\t\t\t\t<h2 \n\t\tdata-interaction-id=\"945ac5a\" \n\t\tclass=\"e-945ac5a-8fd75ae e-heading-base\" \n\t\t \n\t\t\n\t>\n\t\n\t\t\tVous voulez venir naviguer \u00e0 L\u2019Estartit ?\n\t\t<\/h2>\n\t\t\t\t\t\t\t\t<p class=\"e-f9f53cd-d49df07 e-paragraph-base\" data-interaction-id=\"f9f53cd\"  >\n\t\t\t\t\t\t\t\t\u00c9crivez-nous sur WhatsApp et nous vous aiderons \u00e0 trouver le meilleur moment pour venir selon le vent, les conditions du jour et votre niveau.<br><br><br><strong id=\"e-mokahafx-8g97l46\">Vous pouvez aussi d\u00e9couvrir nos cours:<\/strong><br><br><a target=\"_self\" href=\"https:\/\/eoliskite.com\/fr\/kitesurf\/\" id=\"e-mokahafx-2r7xx6w\"><strong id=\"e-mokahafx-b6cv13w\"><u id=\"e-mokahafx-e9xp02x\">Cours de Kitesurf<\/u><\/strong><\/a><br><u id=\"e-mokahafx-x26vnvs\"><br><\/u><a target=\"_self\" href=\"https:\/\/eoliskite.com\/fr\/wingfoil\/\" id=\"e-mokahafx-url3831\"><strong id=\"e-mokahafx-mit3bfo\"><u id=\"e-mokahafx-7bzh500\">Cours de Wingfoil<\/u><\/strong><\/a>\n\t\t\t\t\t<\/p>\n\t\t\t\t\t<\/div>\n\t\t\t\t<\/div>\n\t\t<div class=\"elementor-element elementor-element-8aad3c3 e-flex e-con-boxed wpr-particle-no wpr-jarallax-no wpr-parallax-no wpr-sticky-section-no wpr-equal-height-no e-con e-parent\" data-id=\"8aad3c3\" data-element_type=\"container\" data-e-type=\"container\" data-settings=\"{&quot;_ha_eqh_enable&quot;:false}\">\n\t\t\t\t\t<div class=\"e-con-inner\">\n\t\t\t\t\t    \t            <a href=\"https:\/\/wa.me\/34663884868\" target=\"_blank\" class=\"e-3699ba2-15fa0b1 e-button-base\" data-interaction-id=\"3699ba2\" rel=\"noopener\">\n            \u00c9CRIVEZ-NOUS SUR WHATSAPP\n        <\/a>\n    \t\t\t\t\t<\/div>\n\t\t\t\t<\/div>\n\t\t\t\t<\/div>\n\t\t","protected":false},"excerpt":{"rendered":"<p>Notre spot \u00e0 L&rsquo; Estartit Un spot unique sur la Costa Brava, face aux \u00eeles Medes et dans un emplacement privil\u00e9gi\u00e9 du Baix Empord\u00e0. \u00c9CRIVEZ-NOUS SUR WHATSAPP R\u00e9ponse en moins de 24 h Un spot unique sur la Costa Brava Eolis Kite est situ\u00e9 \u00e0 L\u2019Estartit, dans l\u2019une des zones les plus sp\u00e9ciales de la Costa Brava. Face aux \u00eeles Medes et au c\u0153ur du Baix Empord\u00e0, nous travaillons dans un environnement privil\u00e9gi\u00e9 pour pratiquer le kitesurf, le wingfoil, le windsurf et le paddle surf. Un endroit id\u00e9al pour apprendre et naviguer Contrairement \u00e0 d\u2019autres zones plus fr\u00e9quent\u00e9es de la Costa Brava, \u00e0 L\u2019Estartit nous travaillons dans un environnement plus calme, plus familial, avec une zone exclusive pour l\u2019\u00e9cole. Cela en fait un spot tr\u00e8s appr\u00e9ci\u00e9 pour apprendre, progresser et naviguer confortablement. Vent, vagues et temp\u00e9rature de l\u2019eau L\u2019Estartit est un spot tr\u00e8s complet, avec des vents navigables tr\u00e8s vari\u00e9s, de bonnes conditions selon l\u2019heure de la journ\u00e9e et une saison tr\u00e8s int\u00e9ressante pour diff\u00e9rents niveaux et disciplines. Voici une r\u00e9f\u00e9rence indicative des conditions habituelles du spot. Conditions g\u00e9n\u00e9rales du spot T\u00f4t le matin, la mer est g\u00e9n\u00e9ralement id\u00e9ale pour le paddle surf et pour partir d\u00e9couvrir la c\u00f4te du Montgr\u00ed et des criques comme La Pedrosa ou La Ferriola. En fin de matin\u00e9e, lorsque le vent commence \u00e0 monter un peu, il y a souvent de tr\u00e8s bonnes conditions pour le windsurf. \u00c0 partir de midi, quand le vent gagne en intensit\u00e9, c\u2019est g\u00e9n\u00e9ralement le meilleur moment pour le kitesurf et le wingfoil. Selon les jours, c\u2019est un spot qui offre des conditions diff\u00e9rentes et tr\u00e8s int\u00e9ressantes pour plusieurs sports et niveaux. Vents habituels du spot Au printemps et en \u00e9t\u00e9, l\u2019un des vents les plus fr\u00e9quents est la brise marine, de direction sud-est. C\u2019est un vent thermique de droite, side on, tr\u00e8s constant et id\u00e9al pour l\u2019apprentissage du kitesurf, du windsurf et du wingfoil. \u00c0 cette p\u00e9riode, le garb\u00ed est \u00e9galement assez fr\u00e9quent, de direction sud-sud-ouest. C\u2019est un vent side off, qui entre g\u00e9n\u00e9ralement plus fort que le thermique et aussi de mani\u00e8re plus irr\u00e9guli\u00e8re. Il ne faut pas oublier le gregal, de direction nord-est. C\u2019est un vent de gauche, side on, et l\u2019une des directions les plus appr\u00e9ci\u00e9es du spot. L\u2019Estartit est l\u2019une des meilleures zones de la Costa Brava pour naviguer avec le gregal, et c\u2019est un vent qui donne beaucoup de qualit\u00e9 \u00e0 ce spot. La tramontane, de direction nord-nord-ouest, est un vent side off. En \u00e9t\u00e9, elle est g\u00e9n\u00e9ralement moins fr\u00e9quente, mais en automne c\u2019est souvent l\u2019une des meilleures p\u00e9riodes pour en profiter. D\u2019avril \u00e0 ao\u00fbt, il est courant d\u2019avoir entre 70 % et 90 % de jours navigables avec un vent de force F3 ou plus. Vagues et niveau du spot Avec les vents du nord, de bonnes vagues se forment souvent pour les amateurs de surf kite, de wingfoil dans les vagues et de surf foil. La plage de L\u2019Estartit est consid\u00e9r\u00e9e comme l\u2019un des meilleurs spots de vagues de Catalogne. C\u2019est aussi un spot tr\u00e8s complet pour diff\u00e9rents niveaux et styles de navigation. C\u2019est une zone particuli\u00e8rement int\u00e9ressante pour les d\u00e9butants, les interm\u00e9diaires, le freeride, le foil et les journ\u00e9es de vagues lorsque les bonnes conditions sont r\u00e9unies. Temp\u00e9rature de l\u2019eau La temp\u00e9rature de l\u2019eau change selon la saison, et il vaut mieux venir bien \u00e9quip\u00e9. Pour les mois d\u2019hiver, nous recommandons une combinaison de 5 mm. En mai et en octobre, une 4 mm. Et en juillet, ao\u00fbt et septembre, un shorty ou, lors des journ\u00e9es les plus chaudes, un lycra. Vous voulez venir naviguer \u00e0 L\u2019Estartit ? \u00c9crivez-nous sur WhatsApp et nous vous aiderons \u00e0 trouver le meilleur moment pour venir selon le vent, les conditions du jour et votre niveau. Vous pouvez aussi d\u00e9couvrir nos cours: Cours de KitesurfCours de Wingfoil \u00c9CRIVEZ-NOUS SUR WHATSAPP<\/p>\n","protected":false},"author":1,"featured_media":0,"parent":0,"menu_order":0,"comment_status":"closed","ping_status":"closed","template":"","meta":{"footnotes":""},"class_list":["post-1081","page","type-page","status-publish","hentry"],"_links":{"self":[{"href":"https:\/\/eoliskite.com\/fr\/wp-json\/wp\/v2\/pages\/1081","targetHints":{"allow":["GET"]}}],"collection":[{"href":"https:\/\/eoliskite.com\/fr\/wp-json\/wp\/v2\/pages"}],"about":[{"href":"https:\/\/eoliskite.com\/fr\/wp-json\/wp\/v2\/types\/page"}],"author":[{"embeddable":true,"href":"https:\/\/eoliskite.com\/fr\/wp-json\/wp\/v2\/users\/1"}],"replies":[{"embeddable":true,"href":"https:\/\/eoliskite.com\/fr\/wp-json\/wp\/v2\/comments?post=1081"}],"version-history":[{"count":3,"href":"https:\/\/eoliskite.com\/fr\/wp-json\/wp\/v2\/pages\/1081\/revisions"}],"predecessor-version":[{"id":1318,"href":"https:\/\/eoliskite.com\/fr\/wp-json\/wp\/v2\/pages\/1081\/revisions\/1318"}],"wp:attachment":[{"href":"https:\/\/eoliskite.com\/fr\/wp-json\/wp\/v2\/media?parent=1081"}],"curies":[{"name":"wp","href":"https:\/\/api.w.org\/{rel}","templated":true}]}}